{"id":582,"date":"2022-03-23T11:10:56","date_gmt":"2022-03-23T10:10:56","guid":{"rendered":"https:\/\/z-m.pl\/pl\/kontakt\/"},"modified":"2023-03-29T10:44:06","modified_gmt":"2023-03-29T08:44:06","slug":"kontakt","status":"publish","type":"page","link":"https:\/\/www.z-m.pl\/pl\/kontakt\/","title":{"rendered":"Kontakt"},"content":{"rendered":"\t\t<div data-elementor-type=\"page\" data-elementor-id=\"582\" class=\"elementor elementor-582\">\n\t\t\t\t\t\t\t\t\t<section class=\"elementor-section elementor-top-section elementor-element elementor-element-70b10378 elementor-section-boxed elementor-section-height-default elementor-section-height-default\" data-id=\"70b10378\" data-element_type=\"section\">\n\t\t\t\t\t\t\t<div class=\"elementor-background-overlay\"><\/div>\n\t\t\t\t\t\t\t<div class=\"elementor-container elementor-column-gap-no\">\n\t\t\t\t\t<div class=\"elementor-column elementor-col-100 elementor-top-column elementor-element elementor-element-279d1e1b\" data-id=\"279d1e1b\" data-element_type=\"column\">\n\t\t\t<div class=\"elementor-widget-wrap elementor-element-populated\">\n\t\t\t\t\t\t\t\t<div class=\"elementor-element elementor-element-523b4635 elementor-widget elementor-widget-heading\" data-id=\"523b4635\" data-element_type=\"widget\" data-widget_type=\"heading.default\">\n\t\t\t\t<div class=\"elementor-widget-container\">\n\t\t\t<style>\/*! elementor - v3.6.5 - 27-04-2022 *\/\n.elementor-heading-title{padding:0;margin:0;line-height:1}.elementor-widget-heading .elementor-heading-title[class*=elementor-size-]>a{color:inherit;font-size:inherit;line-height:inherit}.elementor-widget-heading .elementor-heading-title.elementor-size-small{font-size:15px}.elementor-widget-heading .elementor-heading-title.elementor-size-medium{font-size:19px}.elementor-widget-heading .elementor-heading-title.elementor-size-large{font-size:29px}.elementor-widget-heading .elementor-heading-title.elementor-size-xl{font-size:39px}.elementor-widget-heading .elementor-heading-title.elementor-size-xxl{font-size:59px}<\/style><h1 class=\"elementor-heading-title elementor-size-default\">Kontakt<\/h1>\t\t<\/div>\n\t\t\t\t<\/div>\n\t\t\t\t<div class=\"elementor-element elementor-element-5cd799b9 elementor-icon-list--layout-inline elementor-align-center elementor-list-item-link-full_width elementor-widget elementor-widget-icon-list\" data-id=\"5cd799b9\" data-element_type=\"widget\" data-widget_type=\"icon-list.default\">\n\t\t\t\t<div class=\"elementor-widget-container\">\n\t\t\t<link rel=\"stylesheet\" href=\"https:\/\/www.z-m.pl\/pl\/wp-content\/plugins\/elementor\/assets\/css\/widget-icon-list.min.css\">\t\t<ul class=\"elementor-icon-list-items elementor-inline-items\">\n\t\t\t\t\t\t\t<li class=\"elementor-icon-list-item elementor-inline-item\">\n\t\t\t\t\t\t\t\t\t\t\t<a href=\"\/\">\n\n\t\t\t\t\t\t\t\t\t\t\t<span class=\"elementor-icon-list-text\">Strona g\u0142\u00f3wna<\/span>\n\t\t\t\t\t\t\t\t\t\t\t<\/a>\n\t\t\t\t\t\t\t\t\t<\/li>\n\t\t\t\t\t\t\t\t<li class=\"elementor-icon-list-item elementor-inline-item\">\n\t\t\t\t\t\t\t\t\t\t\t<span class=\"elementor-icon-list-icon\">\n\t\t\t\t\t\t\t<i aria-hidden=\"true\" class=\"fas fa-minus\"><\/i>\t\t\t\t\t\t<\/span>\n\t\t\t\t\t\t\t\t\t\t<span class=\"elementor-icon-list-text\">Kontakt<\/span>\n\t\t\t\t\t\t\t\t\t<\/li>\n\t\t\t\t\t\t<\/ul>\n\t\t\t\t<\/div>\n\t\t\t\t<\/div>\n\t\t\t\t\t<\/div>\n\t\t<\/div>\n\t\t\t\t\t\t\t<\/div>\n\t\t<\/section>\n\t\t\t\t<section class=\"elementor-section elementor-top-section elementor-element elementor-element-613b934 elementor-reverse-tablet elementor-section-boxed elementor-section-height-default elementor-section-height-default\" data-id=\"613b934\" data-element_type=\"section\" data-settings=\"{&quot;background_background&quot;:&quot;classic&quot;}\">\n\t\t\t\t\t\t<div class=\"elementor-container elementor-column-gap-no\">\n\t\t\t\t\t<div class=\"elementor-column elementor-col-33 elementor-top-column elementor-element elementor-element-54cabea9\" data-id=\"54cabea9\" data-element_type=\"column\">\n\t\t\t<div class=\"elementor-widget-wrap elementor-element-populated\">\n\t\t\t\t\t\t\t\t<div class=\"elementor-element elementor-element-2db45be8 elementor-invisible elementor-widget elementor-widget-heading\" data-id=\"2db45be8\" data-element_type=\"widget\" data-settings=\"{&quot;_animation&quot;:&quot;fadeInRight&quot;}\" data-widget_type=\"heading.default\">\n\t\t\t\t<div class=\"elementor-widget-container\">\n\t\t\t<h2 class=\"elementor-heading-title elementor-size-default\">Dane kontaktowe<\/h2>\t\t<\/div>\n\t\t\t\t<\/div>\n\t\t\t\t<div class=\"elementor-element elementor-element-65b13c82 elementor-invisible elementor-widget elementor-widget-text-editor\" data-id=\"65b13c82\" data-element_type=\"widget\" data-settings=\"{&quot;_animation&quot;:&quot;fadeInRight&quot;}\" data-widget_type=\"text-editor.default\">\n\t\t\t\t<div class=\"elementor-widget-container\">\n\t\t\t<style>\/*! elementor - v3.6.5 - 27-04-2022 *\/\n.elementor-widget-text-editor.elementor-drop-cap-view-stacked .elementor-drop-cap{background-color:#818a91;color:#fff}.elementor-widget-text-editor.elementor-drop-cap-view-framed .elementor-drop-cap{color:#818a91;border:3px solid;background-color:transparent}.elementor-widget-text-editor:not(.elementor-drop-cap-view-default) .elementor-drop-cap{margin-top:8px}.elementor-widget-text-editor:not(.elementor-drop-cap-view-default) .elementor-drop-cap-letter{width:1em;height:1em}.elementor-widget-text-editor .elementor-drop-cap{float:left;text-align:center;line-height:1;font-size:50px}.elementor-widget-text-editor .elementor-drop-cap-letter{display:inline-block}<\/style>\t\t\t\t<p>W razie jakichkolwiek pyta\u0144 prosimy o kontakt drog\u0105 mailow\u0105 b\u0105d\u017a telefonicznie.<\/p>\t\t\t\t\t\t<\/div>\n\t\t\t\t<\/div>\n\t\t\t\t<div class=\"elementor-element elementor-element-771b5d3d elementor-icon-list--layout-traditional elementor-list-item-link-full_width elementor-invisible elementor-widget elementor-widget-icon-list\" data-id=\"771b5d3d\" data-element_type=\"widget\" data-settings=\"{&quot;_animation&quot;:&quot;fadeInRight&quot;}\" data-widget_type=\"icon-list.default\">\n\t\t\t\t<div class=\"elementor-widget-container\">\n\t\t\t\t\t<ul class=\"elementor-icon-list-items\">\n\t\t\t\t\t\t\t<li class=\"elementor-icon-list-item\">\n\t\t\t\t\t\t\t\t\t\t\t<a href=\"tel:+48504462208\">\n\n\t\t\t\t\t\t\t\t\t\t\t\t<span class=\"elementor-icon-list-icon\">\n\t\t\t\t\t\t\t<i aria-hidden=\"true\" class=\"fas fa-phone-alt\"><\/i>\t\t\t\t\t\t<\/span>\n\t\t\t\t\t\t\t\t\t\t<span class=\"elementor-icon-list-text\">+48 504 462 208<\/span>\n\t\t\t\t\t\t\t\t\t\t\t<\/a>\n\t\t\t\t\t\t\t\t\t<\/li>\n\t\t\t\t\t\t\t\t<li class=\"elementor-icon-list-item\">\n\t\t\t\t\t\t\t\t\t\t\t<a href=\"mailto:adam@z-m.pl\">\n\n\t\t\t\t\t\t\t\t\t\t\t\t<span class=\"elementor-icon-list-icon\">\n\t\t\t\t\t\t\t<i aria-hidden=\"true\" class=\"fas fa-envelope\"><\/i>\t\t\t\t\t\t<\/span>\n\t\t\t\t\t\t\t\t\t\t<span class=\"elementor-icon-list-text\">adam@z-m.pl<\/span>\n\t\t\t\t\t\t\t\t\t\t\t<\/a>\n\t\t\t\t\t\t\t\t\t<\/li>\n\t\t\t\t\t\t\t\t<li class=\"elementor-icon-list-item\">\n\t\t\t\t\t\t\t\t\t\t\t<span class=\"elementor-icon-list-icon\">\n\t\t\t\t\t\t\t<i aria-hidden=\"true\" class=\"fas fa-map-marked-alt\"><\/i>\t\t\t\t\t\t<\/span>\n\t\t\t\t\t\t\t\t\t\t<span class=\"elementor-icon-list-text\">ul. Jana Paw\u0142a II, 67 39-340 Padew Narodowa<\/span>\n\t\t\t\t\t\t\t\t\t<\/li>\n\t\t\t\t\t\t<\/ul>\n\t\t\t\t<\/div>\n\t\t\t\t<\/div>\n\t\t\t\t\t<\/div>\n\t\t<\/div>\n\t\t\t\t<div class=\"elementor-column elementor-col-33 elementor-top-column elementor-element elementor-element-48060858\" data-id=\"48060858\" data-element_type=\"column\">\n\t\t\t<div class=\"elementor-widget-wrap elementor-element-populated\">\n\t\t\t\t\t\t\t\t<div class=\"elementor-element elementor-element-37d6f737 elementor-invisible elementor-widget elementor-widget-heading\" data-id=\"37d6f737\" data-element_type=\"widget\" data-settings=\"{&quot;_animation&quot;:&quot;zoomIn&quot;}\" data-widget_type=\"heading.default\">\n\t\t\t\t<div class=\"elementor-widget-container\">\n\t\t\t<h2 class=\"elementor-heading-title elementor-size-default\">Skontaktuj si\u0119 z nami<\/h2>\t\t<\/div>\n\t\t\t\t<\/div>\n\t\t\t\t<div class=\"elementor-element elementor-element-5d694cc0 eael-fluentform-form-button-custom elementor-invisible elementor-widget elementor-widget-eael-fluentform\" data-id=\"5d694cc0\" data-element_type=\"widget\" data-settings=\"{&quot;_animation&quot;:&quot;zoomIn&quot;}\" data-widget_type=\"eael-fluentform.default\">\n\t\t\t\t<div class=\"elementor-widget-container\">\n\t\t\t        <div class=\"eael-contact-form eael-fluent-form-wrapper clearfix eael-contact-form-align-default\">\n\n            \n            <div class='fluentform fluentform_wrapper_1'><form data-form_id=\"1\" id=\"fluentform_1\" class=\"frm-fluent-form fluent_form_1 ff-el-form-top ff_form_instance_1_1 ff-form-loading\" data-form_instance=\"ff_form_instance_1_1\" method=\"POST\" ><input type='hidden' name='__fluent_form_embded_post_id' value='582' \/><input type=\"hidden\" id=\"_fluentform_1_fluentformnonce\" name=\"_fluentform_1_fluentformnonce\" value=\"12cc82d99b\" \/><input type=\"hidden\" name=\"_wp_http_referer\" value=\"\/pl\/wp-json\/wp\/v2\/pages\/582\" \/><div data-type=\"name-element\" data-name=\"names\" class=\" ff-field_container ff-name-field-wrapper\" ><div class='ff-t-container'><div class='ff-t-cell '><div class='ff-el-group'><div class='ff-el-input--label ff-el-is-required asterisk-right'><label for='ff_1_names_first_name_'>Imi\u0119 i nazwisko<\/label> <\/div><div class='ff-el-input--content'><input type=\"text\" name=\"names[first_name]\" id=\"ff_1_names_first_name_\" class=\"ff-el-form-control\" placeholder=\"Imi\u0119 i nazwisko\" ><\/div><\/div><\/div><div class='ff-t-cell '><div class='ff-el-group'><div class='ff-el-input--label asterisk-right'><label for='ff_1_names_last_name_'>Firma<\/label> <\/div><div class='ff-el-input--content'><input type=\"text\" name=\"names[last_name]\" id=\"ff_1_names_last_name_\" class=\"ff-el-form-control\" placeholder=\"Firma\" ><\/div><\/div><\/div><\/div><\/div><div class='ff-el-group'><div class='ff-el-input--label ff-el-is-required asterisk-right'><label for='ff_1_email'>Email<\/label> <\/div><div class='ff-el-input--content'><input type=\"email\" name=\"email\" id=\"ff_1_email\" class=\"ff-el-form-control\" placeholder=\"Adres e-mail\" data-name=\"email\" ><\/div><\/div><div class='ff-el-group'><div class='ff-el-input--label ff-el-is-required asterisk-right'><label for='ff_1_message'>Twoja wiadomo\u015b\u0107<\/label> <\/div><div class='ff-el-input--content'><textarea name=\"message\" id=\"ff_1_message\" class=\"ff-el-form-control\" placeholder=\"Twoja wiadomo\u015b\u0107\" rows=\"4\" cols=\"2\" data-name=\"message\" ><\/textarea><\/div><\/div><div class='ff-el-group ff-text-left ff_submit_btn_wrapper'><button type=\"submit\" class=\"ff-btn ff-btn-submit ff-btn-md ff_btn_style\" >Wy\u015blij<\/button><\/div><\/form><div id='fluentform_1_errors' class='ff-errors-in-stack ff_form_instance_1_1 ff-form-loading_errors ff_form_instance_1_1_errors'><\/div><\/div>        <script type=\"text\/javascript\">\n            window.fluent_form_ff_form_instance_1_1 = {\"id\":\"1\",\"settings\":{\"layout\":{\"labelPlacement\":\"top\",\"helpMessagePlacement\":\"with_label\",\"errorMessagePlacement\":\"inline\",\"cssClassName\":\"\",\"asteriskPlacement\":\"asterisk-right\"},\"restrictions\":{\"denyEmptySubmission\":{\"enabled\":false}}},\"form_instance\":\"ff_form_instance_1_1\",\"form_id_selector\":\"fluentform_1\",\"rules\":{\"names[first_name]\":{\"required\":{\"value\":true,\"message\":\"To pole jest wymagane\"}},\"names[middle_name]\":{\"required\":{\"value\":false,\"message\":\"This field is required\"}},\"names[last_name]\":{\"required\":{\"value\":false,\"message\":\"This field is required\"}},\"email\":{\"required\":{\"value\":true,\"message\":\"To pole jest wymagane\"},\"email\":{\"value\":true,\"message\":\"To nie jest poprawny adres e-mail\"}},\"message\":{\"required\":{\"value\":true,\"message\":\"To pole jest wymagane\"}}}};\n                    <\/script>\n                <\/div>\n\n        \t\t<\/div>\n\t\t\t\t<\/div>\n\t\t\t\t\t<\/div>\n\t\t<\/div>\n\t\t\t\t<div class=\"elementor-column elementor-col-33 elementor-top-column elementor-element elementor-element-f668e74\" data-id=\"f668e74\" data-element_type=\"column\">\n\t\t\t<div class=\"elementor-widget-wrap elementor-element-populated\">\n\t\t\t\t\t\t\t\t<div class=\"elementor-element elementor-element-a712d14 elementor-widget elementor-widget-image\" data-id=\"a712d14\" data-element_type=\"widget\" data-widget_type=\"image.default\">\n\t\t\t\t<div class=\"elementor-widget-container\">\n\t\t\t<style>\/*! elementor - v3.6.5 - 27-04-2022 *\/\n.elementor-widget-image{text-align:center}.elementor-widget-image a{display:inline-block}.elementor-widget-image a img[src$=\".svg\"]{width:48px}.elementor-widget-image img{vertical-align:middle;display:inline-block}<\/style>\t\t\t\t\t\t\t\t\t\t\t\t<img loading=\"lazy\" decoding=\"async\" width=\"768\" height=\"1024\" src=\"https:\/\/www.z-m.pl\/pl\/wp-content\/uploads\/sites\/2\/2023\/03\/Grzegorz-Krepa-768x1024.jpg\" class=\"attachment-large size-large\" alt=\"Grzegorz Kr\u0119pa w\u0142a\u015bciciel ZM Kr\u0119pa\" srcset=\"https:\/\/www.z-m.pl\/pl\/wp-content\/uploads\/sites\/2\/2023\/03\/Grzegorz-Krepa-768x1024.jpg 768w, https:\/\/www.z-m.pl\/pl\/wp-content\/uploads\/sites\/2\/2023\/03\/Grzegorz-Krepa-225x300.jpg 225w, https:\/\/www.z-m.pl\/pl\/wp-content\/uploads\/sites\/2\/2023\/03\/Grzegorz-Krepa.jpg 900w\" sizes=\"auto, (max-width: 768px) 100vw, 768px\" \/>\t\t\t\t\t\t\t\t\t\t\t\t\t\t\t<\/div>\n\t\t\t\t<\/div>\n\t\t\t\t<div class=\"elementor-element elementor-element-3bc2351 elementor-invisible elementor-widget elementor-widget-heading\" data-id=\"3bc2351\" data-element_type=\"widget\" data-settings=\"{&quot;_animation&quot;:&quot;fadeInDown&quot;}\" data-widget_type=\"heading.default\">\n\t\t\t\t<div class=\"elementor-widget-container\">\n\t\t\t<h2 class=\"elementor-heading-title elementor-size-default\">Grzegorz Kr\u0119pa<\/h2>\t\t<\/div>\n\t\t\t\t<\/div>\n\t\t\t\t<div class=\"elementor-element elementor-element-4e799c7 elementor-invisible elementor-widget elementor-widget-text-editor\" data-id=\"4e799c7\" data-element_type=\"widget\" data-settings=\"{&quot;_animation&quot;:&quot;fadeInDown&quot;}\" data-widget_type=\"text-editor.default\">\n\t\t\t\t<div class=\"elementor-widget-container\">\n\t\t\t\t\t\t\t<small>W\u0142a\u015bciciel ZM Kr\u0119pa<\/small>\t\t\t\t\t\t<\/div>\n\t\t\t\t<\/div>\n\t\t\t\t\t<\/div>\n\t\t<\/div>\n\t\t\t\t\t\t\t<\/div>\n\t\t<\/section>\n\t\t\t\t<section class=\"elementor-section elementor-top-section elementor-element elementor-element-3505704a elementor-section-full_width elementor-section-height-default elementor-section-height-default\" data-id=\"3505704a\" data-element_type=\"section\">\n\t\t\t\t\t\t<div class=\"elementor-container elementor-column-gap-no\">\n\t\t\t\t\t<div class=\"elementor-column elementor-col-100 elementor-top-column elementor-element elementor-element-4ecfb3e7\" data-id=\"4ecfb3e7\" data-element_type=\"column\">\n\t\t\t<div class=\"elementor-widget-wrap elementor-element-populated\">\n\t\t\t\t\t\t\t\t<div class=\"elementor-element elementor-element-375b030 elementor-widget elementor-widget-google_maps\" data-id=\"375b030\" data-element_type=\"widget\" data-widget_type=\"google_maps.default\">\n\t\t\t\t<div class=\"elementor-widget-container\">\n\t\t\t<style>\/*! elementor - v3.6.5 - 27-04-2022 *\/\n.elementor-widget-google_maps .elementor-widget-container{overflow:hidden}.elementor-widget-google_maps iframe{height:300px}<\/style>\t\t<div class=\"elementor-custom-embed\">\n\t\t\t<iframe frameborder=\"0\" scrolling=\"no\" marginheight=\"0\" marginwidth=\"0\"\n\t\t\t\t\tsrc=\"https:\/\/maps.google.com\/maps?q=Zak%C5%82ad%20Metalowy%20Adam%20Kr%C4%99pa%20-%20t%C5%82oczenie%2C%20wykrawanie%2C%20produkcja%20na%20prasach&#038;t=m&#038;z=10&#038;output=embed&#038;iwloc=near\"\n\t\t\t\t\ttitle=\"Zak\u0142ad Metalowy Adam Kr\u0119pa - t\u0142oczenie, wykrawanie, produkcja na prasach\"\n\t\t\t\t\taria-label=\"Zak\u0142ad Metalowy Adam Kr\u0119pa - t\u0142oczenie, wykrawanie, produkcja na prasach\"\n\t\t\t><\/iframe>\n\t\t<\/div>\n\t\t\t\t<\/div>\n\t\t\t\t<\/div>\n\t\t\t\t\t<\/div>\n\t\t<\/div>\n\t\t\t\t\t\t\t<\/div>\n\t\t<\/section>\n\t\t\t\t\t\t\t<\/div>\n\t\t","protected":false},"excerpt":{"rendered":"<p>Kontakt Strona g\u0142\u00f3wna Kontakt Dane kontaktowe W razie jakichkolwiek pyta\u0144 prosimy o kontakt drog\u0105 mailow\u0105 b\u0105d\u017a telefonicznie. +48 504 462 208 adam@z-m.pl ul. Jana Paw\u0142a II, 67 39-340 Padew Narodowa Skontaktuj si\u0119 z nami Imi\u0119 i nazwisko Firma Email Twoja wiadomo\u015b\u0107 Wy\u015blij Grzegorz Kr\u0119pa W\u0142a\u015bciciel ZM Kr\u0119pa<\/p>\n","protected":false},"author":1,"featured_media":0,"parent":0,"menu_order":0,"comment_status":"closed","ping_status":"closed","template":"elementor_header_footer","meta":{"footnotes":""},"class_list":["post-582","page","type-page","status-publish","hentry"],"yoast_head":"<!-- This site is optimized with the Yoast SEO plugin v18.8 - https:\/\/yoast.com\/wordpress\/plugins\/seo\/ -->\n<title>Kontakt - Zak\u0142ad Metalowy Kr\u0119pa<\/title>\n<meta name=\"robots\" content=\"index, follow, max-snippet:-1, max-image-preview:large, max-video-preview:-1\" \/>\n<link rel=\"canonical\" href=\"https:\/\/www.z-m.pl\/pl\/kontakt\/\" \/>\n<meta property=\"og:locale\" content=\"pl_PL\" \/>\n<meta property=\"og:type\" content=\"article\" \/>\n<meta property=\"og:title\" content=\"Kontakt - Zak\u0142ad Metalowy Kr\u0119pa\" \/>\n<meta property=\"og:description\" content=\"Kontakt Strona g\u0142\u00f3wna Kontakt Dane kontaktowe W razie jakichkolwiek pyta\u0144 prosimy o kontakt drog\u0105 mailow\u0105 b\u0105d\u017a telefonicznie. +48 504 462 208 adam@z-m.pl ul. Jana Paw\u0142a II, 67 39-340 Padew Narodowa Skontaktuj si\u0119 z nami Imi\u0119 i nazwisko Firma Email Twoja wiadomo\u015b\u0107 Wy\u015blij Grzegorz Kr\u0119pa W\u0142a\u015bciciel ZM Kr\u0119pa\" \/>\n<meta property=\"og:url\" content=\"https:\/\/www.z-m.pl\/pl\/kontakt\/\" \/>\n<meta property=\"og:site_name\" content=\"Zak\u0142ad Metalowy Kr\u0119pa\" \/>\n<meta property=\"article:modified_time\" content=\"2023-03-29T08:44:06+00:00\" \/>\n<meta property=\"og:image\" content=\"https:\/\/www.z-m.pl\/pl\/wp-content\/uploads\/sites\/2\/2023\/03\/Grzegorz-Krepa-768x1024.jpg\" \/>\n<meta name=\"twitter:card\" content=\"summary_large_image\" \/>\n<script type=\"application\/ld+json\" class=\"yoast-schema-graph\">{\"@context\":\"https:\/\/schema.org\",\"@graph\":[{\"@type\":\"Organization\",\"@id\":\"https:\/\/www.z-m.pl\/pl\/#organization\",\"name\":\"Z-M Zak\u0142ad Metalowy Kr\u0119pa\",\"url\":\"https:\/\/www.z-m.pl\/pl\/\",\"sameAs\":[],\"logo\":{\"@type\":\"ImageObject\",\"inLanguage\":\"pl-PL\",\"@id\":\"https:\/\/www.z-m.pl\/pl\/#\/schema\/logo\/image\/\",\"url\":\"https:\/\/z-m.pl\/pl\/wp-content\/uploads\/sites\/2\/2022\/03\/zaklad-metalowy-krepa-logo.png\",\"contentUrl\":\"https:\/\/z-m.pl\/pl\/wp-content\/uploads\/sites\/2\/2022\/03\/zaklad-metalowy-krepa-logo.png\",\"width\":278,\"height\":280,\"caption\":\"Z-M Zak\u0142ad Metalowy Kr\u0119pa\"},\"image\":{\"@id\":\"https:\/\/www.z-m.pl\/pl\/#\/schema\/logo\/image\/\"}},{\"@type\":\"WebSite\",\"@id\":\"https:\/\/www.z-m.pl\/pl\/#website\",\"url\":\"https:\/\/www.z-m.pl\/pl\/\",\"name\":\"Zak\u0142ad Metalowy Kr\u0119pa\",\"description\":\"Obr\u00f3bka CNC | Produkcja narz\u0119dzi\",\"publisher\":{\"@id\":\"https:\/\/www.z-m.pl\/pl\/#organization\"},\"potentialAction\":[{\"@type\":\"SearchAction\",\"target\":{\"@type\":\"EntryPoint\",\"urlTemplate\":\"https:\/\/www.z-m.pl\/pl\/?s={search_term_string}\"},\"query-input\":\"required name=search_term_string\"}],\"inLanguage\":\"pl-PL\"},{\"@type\":\"ImageObject\",\"inLanguage\":\"pl-PL\",\"@id\":\"https:\/\/www.z-m.pl\/pl\/kontakt\/#primaryimage\",\"url\":\"https:\/\/www.z-m.pl\/pl\/wp-content\/uploads\/sites\/2\/2023\/03\/Grzegorz-Krepa.jpg\",\"contentUrl\":\"https:\/\/www.z-m.pl\/pl\/wp-content\/uploads\/sites\/2\/2023\/03\/Grzegorz-Krepa.jpg\",\"width\":900,\"height\":1200,\"caption\":\"Grzegorz Kr\u0119pa w\u0142a\u015bciciel ZM Kr\u0119pa\"},{\"@type\":\"WebPage\",\"@id\":\"https:\/\/www.z-m.pl\/pl\/kontakt\/#webpage\",\"url\":\"https:\/\/www.z-m.pl\/pl\/kontakt\/\",\"name\":\"Kontakt - Zak\u0142ad Metalowy Kr\u0119pa\",\"isPartOf\":{\"@id\":\"https:\/\/www.z-m.pl\/pl\/#website\"},\"primaryImageOfPage\":{\"@id\":\"https:\/\/www.z-m.pl\/pl\/kontakt\/#primaryimage\"},\"datePublished\":\"2022-03-23T10:10:56+00:00\",\"dateModified\":\"2023-03-29T08:44:06+00:00\",\"breadcrumb\":{\"@id\":\"https:\/\/www.z-m.pl\/pl\/kontakt\/#breadcrumb\"},\"inLanguage\":\"pl-PL\",\"potentialAction\":[{\"@type\":\"ReadAction\",\"target\":[\"https:\/\/www.z-m.pl\/pl\/kontakt\/\"]}]},{\"@type\":\"BreadcrumbList\",\"@id\":\"https:\/\/www.z-m.pl\/pl\/kontakt\/#breadcrumb\",\"itemListElement\":[{\"@type\":\"ListItem\",\"position\":1,\"name\":\"Strona g\u0142\u00f3wna\",\"item\":\"https:\/\/www.z-m.pl\/pl\/\"},{\"@type\":\"ListItem\",\"position\":2,\"name\":\"Kontakt\"}]}]}<\/script>\n<!-- \/ Yoast SEO plugin. -->","yoast_head_json":{"title":"Kontakt - Zak\u0142ad Metalowy Kr\u0119pa","robots":{"index":"index","follow":"follow","max-snippet":"max-snippet:-1","max-image-preview":"max-image-preview:large","max-video-preview":"max-video-preview:-1"},"canonical":"https:\/\/www.z-m.pl\/pl\/kontakt\/","og_locale":"pl_PL","og_type":"article","og_title":"Kontakt - Zak\u0142ad Metalowy Kr\u0119pa","og_description":"Kontakt Strona g\u0142\u00f3wna Kontakt Dane kontaktowe W razie jakichkolwiek pyta\u0144 prosimy o kontakt drog\u0105 mailow\u0105 b\u0105d\u017a telefonicznie. +48 504 462 208 adam@z-m.pl ul. Jana Paw\u0142a II, 67 39-340 Padew Narodowa Skontaktuj si\u0119 z nami Imi\u0119 i nazwisko Firma Email Twoja wiadomo\u015b\u0107 Wy\u015blij Grzegorz Kr\u0119pa W\u0142a\u015bciciel ZM Kr\u0119pa","og_url":"https:\/\/www.z-m.pl\/pl\/kontakt\/","og_site_name":"Zak\u0142ad Metalowy Kr\u0119pa","article_modified_time":"2023-03-29T08:44:06+00:00","og_image":[{"url":"https:\/\/www.z-m.pl\/pl\/wp-content\/uploads\/sites\/2\/2023\/03\/Grzegorz-Krepa-768x1024.jpg"}],"twitter_card":"summary_large_image","schema":{"@context":"https:\/\/schema.org","@graph":[{"@type":"Organization","@id":"https:\/\/www.z-m.pl\/pl\/#organization","name":"Z-M Zak\u0142ad Metalowy Kr\u0119pa","url":"https:\/\/www.z-m.pl\/pl\/","sameAs":[],"logo":{"@type":"ImageObject","inLanguage":"pl-PL","@id":"https:\/\/www.z-m.pl\/pl\/#\/schema\/logo\/image\/","url":"https:\/\/z-m.pl\/pl\/wp-content\/uploads\/sites\/2\/2022\/03\/zaklad-metalowy-krepa-logo.png","contentUrl":"https:\/\/z-m.pl\/pl\/wp-content\/uploads\/sites\/2\/2022\/03\/zaklad-metalowy-krepa-logo.png","width":278,"height":280,"caption":"Z-M Zak\u0142ad Metalowy Kr\u0119pa"},"image":{"@id":"https:\/\/www.z-m.pl\/pl\/#\/schema\/logo\/image\/"}},{"@type":"WebSite","@id":"https:\/\/www.z-m.pl\/pl\/#website","url":"https:\/\/www.z-m.pl\/pl\/","name":"Zak\u0142ad Metalowy Kr\u0119pa","description":"Obr\u00f3bka CNC | Produkcja narz\u0119dzi","publisher":{"@id":"https:\/\/www.z-m.pl\/pl\/#organization"},"potentialAction":[{"@type":"SearchAction","target":{"@type":"EntryPoint","urlTemplate":"https:\/\/www.z-m.pl\/pl\/?s={search_term_string}"},"query-input":"required name=search_term_string"}],"inLanguage":"pl-PL"},{"@type":"ImageObject","inLanguage":"pl-PL","@id":"https:\/\/www.z-m.pl\/pl\/kontakt\/#primaryimage","url":"https:\/\/www.z-m.pl\/pl\/wp-content\/uploads\/sites\/2\/2023\/03\/Grzegorz-Krepa.jpg","contentUrl":"https:\/\/www.z-m.pl\/pl\/wp-content\/uploads\/sites\/2\/2023\/03\/Grzegorz-Krepa.jpg","width":900,"height":1200,"caption":"Grzegorz Kr\u0119pa w\u0142a\u015bciciel ZM Kr\u0119pa"},{"@type":"WebPage","@id":"https:\/\/www.z-m.pl\/pl\/kontakt\/#webpage","url":"https:\/\/www.z-m.pl\/pl\/kontakt\/","name":"Kontakt - Zak\u0142ad Metalowy Kr\u0119pa","isPartOf":{"@id":"https:\/\/www.z-m.pl\/pl\/#website"},"primaryImageOfPage":{"@id":"https:\/\/www.z-m.pl\/pl\/kontakt\/#primaryimage"},"datePublished":"2022-03-23T10:10:56+00:00","dateModified":"2023-03-29T08:44:06+00:00","breadcrumb":{"@id":"https:\/\/www.z-m.pl\/pl\/kontakt\/#breadcrumb"},"inLanguage":"pl-PL","potentialAction":[{"@type":"ReadAction","target":["https:\/\/www.z-m.pl\/pl\/kontakt\/"]}]},{"@type":"BreadcrumbList","@id":"https:\/\/www.z-m.pl\/pl\/kontakt\/#breadcrumb","itemListElement":[{"@type":"ListItem","position":1,"name":"Strona g\u0142\u00f3wna","item":"https:\/\/www.z-m.pl\/pl\/"},{"@type":"ListItem","position":2,"name":"Kontakt"}]}]}},"_links":{"self":[{"href":"https:\/\/www.z-m.pl\/pl\/wp-json\/wp\/v2\/pages\/582","targetHints":{"allow":["GET"]}}],"collection":[{"href":"https:\/\/www.z-m.pl\/pl\/wp-json\/wp\/v2\/pages"}],"about":[{"href":"https:\/\/www.z-m.pl\/pl\/wp-json\/wp\/v2\/types\/page"}],"author":[{"embeddable":true,"href":"https:\/\/www.z-m.pl\/pl\/wp-json\/wp\/v2\/users\/1"}],"replies":[{"embeddable":true,"href":"https:\/\/www.z-m.pl\/pl\/wp-json\/wp\/v2\/comments?post=582"}],"version-history":[{"count":22,"href":"https:\/\/www.z-m.pl\/pl\/wp-json\/wp\/v2\/pages\/582\/revisions"}],"predecessor-version":[{"id":1812,"href":"https:\/\/www.z-m.pl\/pl\/wp-json\/wp\/v2\/pages\/582\/revisions\/1812"}],"wp:attachment":[{"href":"https:\/\/www.z-m.pl\/pl\/wp-json\/wp\/v2\/media?parent=582"}],"curies":[{"name":"wp","href":"https:\/\/api.w.org\/{rel}","templated":true}]}}