{"id":2160,"date":"2026-05-13T19:10:01","date_gmt":"2026-05-13T17:10:01","guid":{"rendered":"https:\/\/www.z-m.pl\/pl\/?page_id=2160"},"modified":"2026-05-13T22:13:48","modified_gmt":"2026-05-13T20:13:48","slug":"wykrawanie-na-prasach","status":"publish","type":"page","link":"https:\/\/www.z-m.pl\/pl\/wykrawanie-na-prasach\/","title":{"rendered":"Wykrawanie na prasach"},"content":{"rendered":"\t\t<div data-elementor-type=\"wp-page\" data-elementor-id=\"2160\" class=\"elementor elementor-2160\" data-elementor-post-type=\"page\">\n\t\t\t\t\t\t<section class=\"elementor-section elementor-top-section elementor-element elementor-element-aabac2a elementor-section-boxed elementor-section-height-default elementor-section-height-default\" data-id=\"aabac2a\" data-element_type=\"section\" data-e-type=\"section\">\n\t\t\t\t\t\t\t<div class=\"elementor-background-overlay\"><\/div>\n\t\t\t\t\t\t\t<div class=\"elementor-container elementor-column-gap-no\">\n\t\t\t\t\t<div class=\"elementor-column elementor-col-100 elementor-top-column elementor-element elementor-element-1ce0fe8d\" data-id=\"1ce0fe8d\" data-element_type=\"column\" data-e-type=\"column\">\n\t\t\t<div class=\"elementor-widget-wrap elementor-element-populated\">\n\t\t\t\t\t\t<div class=\"elementor-element elementor-element-6fe4a82b elementor-widget elementor-widget-heading\" data-id=\"6fe4a82b\" data-element_type=\"widget\" data-e-type=\"widget\" data-widget_type=\"heading.default\">\n\t\t\t\t<div class=\"elementor-widget-container\">\n\t\t\t\t\t<h2 class=\"elementor-heading-title elementor-size-default\">Obr\u00f3bka CNC<\/h2>\t\t\t\t<\/div>\n\t\t\t\t<\/div>\n\t\t\t\t<div class=\"elementor-element elementor-element-3c4d3e96 elementor-icon-list--layout-inline elementor-align-center elementor-list-item-link-full_width elementor-widget elementor-widget-icon-list\" data-id=\"3c4d3e96\" data-element_type=\"widget\" data-e-type=\"widget\" data-widget_type=\"icon-list.default\">\n\t\t\t\t<div class=\"elementor-widget-container\">\n\t\t\t\t\t\t\t<ul class=\"elementor-icon-list-items elementor-inline-items\">\n\t\t\t\t\t\t\t<li class=\"elementor-icon-list-item elementor-inline-item\">\n\t\t\t\t\t\t\t\t\t\t\t<a href=\"#\">\n\n\t\t\t\t\t\t\t\t\t\t\t<span class=\"elementor-icon-list-text\">Strona g\u0142\u00f3wna<\/span>\n\t\t\t\t\t\t\t\t\t\t\t<\/a>\n\t\t\t\t\t\t\t\t\t<\/li>\n\t\t\t\t\t\t\t\t<li class=\"elementor-icon-list-item elementor-inline-item\">\n\t\t\t\t\t\t\t\t\t\t\t<span class=\"elementor-icon-list-icon\">\n\t\t\t\t\t\t\t<i aria-hidden=\"true\" class=\"fas fa-minus\"><\/i>\t\t\t\t\t\t<\/span>\n\t\t\t\t\t\t\t\t\t\t<span class=\"elementor-icon-list-text\">Oferta<\/span>\n\t\t\t\t\t\t\t\t\t<\/li>\n\t\t\t\t\t\t\t\t<li class=\"elementor-icon-list-item elementor-inline-item\">\n\t\t\t\t\t\t\t\t\t\t\t<span class=\"elementor-icon-list-icon\">\n\t\t\t\t\t\t\t<i aria-hidden=\"true\" class=\"fas fa-minus\"><\/i>\t\t\t\t\t\t<\/span>\n\t\t\t\t\t\t\t\t\t\t<span class=\"elementor-icon-list-text\">Wykrawanie<\/span>\n\t\t\t\t\t\t\t\t\t<\/li>\n\t\t\t\t\t\t<\/ul>\n\t\t\t\t\t\t<\/div>\n\t\t\t\t<\/div>\n\t\t\t\t<div class=\"elementor-element elementor-element-24939159 elementor-widget__width-initial elementor-absolute elementor-widget elementor-widget-image\" data-id=\"24939159\" data-element_type=\"widget\" data-e-type=\"widget\" data-settings=\"{&quot;_position&quot;:&quot;absolute&quot;}\" data-widget_type=\"image.default\">\n\t\t\t\t<div class=\"elementor-widget-container\">\n\t\t\t\t\t\t\t\t\t\t\t\t\t\t\t<img decoding=\"async\" width=\"39\" height=\"39\" src=\"https:\/\/www.z-m.pl\/pl\/wp-content\/uploads\/sites\/2\/2022\/03\/4fd38dc7-object-20-a.png\" class=\"attachment-full size-full wp-image-221\" alt=\"\" \/>\t\t\t\t\t\t\t\t\t\t\t\t\t\t\t<\/div>\n\t\t\t\t<\/div>\n\t\t\t\t\t<\/div>\n\t\t<\/div>\n\t\t\t\t\t<\/div>\n\t\t<\/section>\n\t\t\t\t<section class=\"elementor-section elementor-top-section elementor-element elementor-element-be1629f elementor-section-boxed elementor-section-height-default elementor-section-height-default\" data-id=\"be1629f\" data-element_type=\"section\" data-e-type=\"section\">\n\t\t\t\t\t\t<div class=\"elementor-container elementor-column-gap-default\">\n\t\t\t\t\t<div class=\"elementor-column elementor-col-100 elementor-top-column elementor-element elementor-element-59c1ffb\" data-id=\"59c1ffb\" data-element_type=\"column\" data-e-type=\"column\">\n\t\t\t<div class=\"elementor-widget-wrap elementor-element-populated\">\n\t\t\t\t\t\t<div class=\"elementor-element elementor-element-8c74832 elementor-widget elementor-widget-spacer\" data-id=\"8c74832\" data-element_type=\"widget\" data-e-type=\"widget\" data-widget_type=\"spacer.default\">\n\t\t\t\t<div class=\"elementor-widget-container\">\n\t\t\t\t\t\t\t<div class=\"elementor-spacer\">\n\t\t\t<div class=\"elementor-spacer-inner\"><\/div>\n\t\t<\/div>\n\t\t\t\t\t\t<\/div>\n\t\t\t\t<\/div>\n\t\t\t\t\t<\/div>\n\t\t<\/div>\n\t\t\t\t\t<\/div>\n\t\t<\/section>\n\t\t\t\t<section class=\"elementor-section elementor-top-section elementor-element elementor-element-246c87c elementor-section-boxed elementor-section-height-default elementor-section-height-default\" data-id=\"246c87c\" data-element_type=\"section\" data-e-type=\"section\">\n\t\t\t\t\t\t<div class=\"elementor-container elementor-column-gap-default\">\n\t\t\t\t\t<div class=\"elementor-column elementor-col-100 elementor-top-column elementor-element elementor-element-5f41a5d\" data-id=\"5f41a5d\" data-element_type=\"column\" data-e-type=\"column\">\n\t\t\t<div class=\"elementor-widget-wrap elementor-element-populated\">\n\t\t\t\t\t\t<div class=\"elementor-element elementor-element-26b8570 elementor-widget elementor-widget-heading\" data-id=\"26b8570\" data-element_type=\"widget\" data-e-type=\"widget\" data-widget_type=\"heading.default\">\n\t\t\t\t<div class=\"elementor-widget-container\">\n\t\t\t\t\t<h2 class=\"elementor-heading-title elementor-size-default\">Wykrawanie na prasach<\/h2>\t\t\t\t<\/div>\n\t\t\t\t<\/div>\n\t\t\t\t<div class=\"elementor-element elementor-element-3cd5d59 elementor-widget elementor-widget-spacer\" data-id=\"3cd5d59\" data-element_type=\"widget\" data-e-type=\"widget\" data-widget_type=\"spacer.default\">\n\t\t\t\t<div class=\"elementor-widget-container\">\n\t\t\t\t\t\t\t<div class=\"elementor-spacer\">\n\t\t\t<div class=\"elementor-spacer-inner\"><\/div>\n\t\t<\/div>\n\t\t\t\t\t\t<\/div>\n\t\t\t\t<\/div>\n\t\t\t\t\t<\/div>\n\t\t<\/div>\n\t\t\t\t\t<\/div>\n\t\t<\/section>\n\t\t\t\t<section class=\"elementor-section elementor-top-section elementor-element elementor-element-e40e071 elementor-section-boxed elementor-section-height-default elementor-section-height-default\" data-id=\"e40e071\" data-element_type=\"section\" data-e-type=\"section\">\n\t\t\t\t\t\t<div class=\"elementor-container elementor-column-gap-default\">\n\t\t\t\t\t<div class=\"elementor-column elementor-col-100 elementor-top-column elementor-element elementor-element-2c31d7f\" data-id=\"2c31d7f\" data-element_type=\"column\" data-e-type=\"column\">\n\t\t\t<div class=\"elementor-widget-wrap elementor-element-populated\">\n\t\t\t\t\t\t<div class=\"elementor-element elementor-element-8278f12 elementor-widget elementor-widget-image\" data-id=\"8278f12\" data-element_type=\"widget\" data-e-type=\"widget\" data-widget_type=\"image.default\">\n\t\t\t\t<div class=\"elementor-widget-container\">\n\t\t\t\t\t\t\t\t\t\t\t\t\t\t\t<img fetchpriority=\"high\" decoding=\"async\" width=\"1024\" height=\"683\" src=\"https:\/\/www.z-m.pl\/pl\/wp-content\/uploads\/sites\/2\/2026\/05\/frezowanie-cnc-1024x683.jpg\" class=\"attachment-large size-large wp-image-2111\" alt=\"\" srcset=\"https:\/\/www.z-m.pl\/pl\/wp-content\/uploads\/sites\/2\/2026\/05\/frezowanie-cnc-1024x683.jpg 1024w, https:\/\/www.z-m.pl\/pl\/wp-content\/uploads\/sites\/2\/2026\/05\/frezowanie-cnc-300x200.jpg 300w, https:\/\/www.z-m.pl\/pl\/wp-content\/uploads\/sites\/2\/2026\/05\/frezowanie-cnc.jpg 2016w\" sizes=\"(max-width: 1024px) 100vw, 1024px\" \/>\t\t\t\t\t\t\t\t\t\t\t\t\t\t\t<\/div>\n\t\t\t\t<\/div>\n\t\t\t\t<div class=\"elementor-element elementor-element-15813f3 elementor-widget elementor-widget-spacer\" data-id=\"15813f3\" data-element_type=\"widget\" data-e-type=\"widget\" data-widget_type=\"spacer.default\">\n\t\t\t\t<div class=\"elementor-widget-container\">\n\t\t\t\t\t\t\t<div class=\"elementor-spacer\">\n\t\t\t<div class=\"elementor-spacer-inner\"><\/div>\n\t\t<\/div>\n\t\t\t\t\t\t<\/div>\n\t\t\t\t<\/div>\n\t\t\t\t<div class=\"elementor-element elementor-element-8431d64 elementor-invisible elementor-widget elementor-widget-text-editor\" data-id=\"8431d64\" data-element_type=\"widget\" data-e-type=\"widget\" data-settings=\"{&quot;_animation&quot;:&quot;fadeInRight&quot;}\" data-widget_type=\"text-editor.default\">\n\t\t\t\t<div class=\"elementor-widget-container\">\n\t\t\t\t\t\t\t\t\t<p><b>Wykrawanie na prasach<\/b><span style=\"font-weight: 400;\"> to proces technologiczny stosowany przy wycinaniu element\u00f3w z arkuszy blachy przy u\u017cyciu specjalistycznych narz\u0119dzi oraz nacisku prasy. Metoda ta pozwala na szybkie oddzielenie detalu od materia\u0142u wsadowego i uzyskanie elementu o okre\u015blonej geometrii zgodnej z dokumentacj\u0105 techniczn\u0105. Dzi\u0119ki temu wykrawanie jest powszechnie wykorzystywane w produkcji przemys\u0142owej, szczeg\u00f3lnie tam, gdzie wymagane jest wytwarzanie du\u017cych ilo\u015bci jednakowych komponent\u00f3w.<\/span><\/p><p><span style=\"font-weight: 400;\"><br><\/span><\/p>\n<p><span style=\"font-weight: 400;\">Proces ten znajduje zastosowanie przy produkcji r\u00f3\u017cnego rodzaju detali blaszanych wykorzystywanych w konstrukcjach technicznych, urz\u0105dzeniach oraz podzespo\u0142ach przemys\u0142owych. <\/span><b>Wykrawanie<\/b><span style=\"font-weight: 400;\"> umo\u017cliwia przygotowanie element\u00f3w przeznaczonych zar\u00f3wno do bezpo\u015bredniego monta\u017cu, jak i do dalszych operacji technologicznych, takich jak t\u0142oczenie, gi\u0119cie czy obr\u00f3bka powierzchniowa.<\/span><\/p><p><span style=\"font-weight: 400;\"><br><\/span><\/p>\n<p><span style=\"font-weight: 400;\">W <\/span><b>Zak\u0142adzie Metalowym Kr\u0119pa<\/b><span style=\"font-weight: 400;\"> realizujemy <\/span><b>wykrawanie na prasach<\/b><span style=\"font-weight: 400;\"> w oparciu o zaplecze maszynowe przystosowane do pracy w produkcji seryjnej. W\u0142a\u015bciwe przygotowanie narz\u0119dzi wykrawaj\u0105cych oraz dobranie parametr\u00f3w pracy pras pozwala na stabilne prowadzenie procesu i zachowanie powtarzalnych w\u0142a\u015bciwo\u015bci kolejnych partii detali.<\/span><\/p><p><span style=\"font-weight: 400;\"><br><\/span><\/p>\n<p><span style=\"font-weight: 400;\">W zale\u017cno\u015bci od rodzaju elementu oraz charakterystyki materia\u0142u proces wykrawania mo\u017ce by\u0107 dostosowany do r\u00f3\u017cnych wymaga\u0144 technologicznych. Pozwala to na efektywne wykonywanie detali o zr\u00f3\u017cnicowanych kszta\u0142tach i wymiarach, przy zachowaniu odpowiedniej jako\u015bci kraw\u0119dzi oraz zgodno\u015bci z za\u0142o\u017ceniami projektowymi.<\/span><\/p><p><span style=\"font-weight: 400;\"><br><\/span><\/p>\n<p><b>Mo\u017cliwo\u015bci technologiczne pras:<\/b><\/p>\n<ul>\n<li style=\"font-weight: 400;\" aria-level=\"1\"><span style=\"font-weight: 400;\">8 pras szybkobie\u017cnych \u2013 nacisk 40 ton, do 300 uderze\u0144\/min<\/span><\/li>\n<li style=\"font-weight: 400;\" aria-level=\"1\"><span style=\"font-weight: 400;\">1 prasa szybkobie\u017cna \u2013 nacisk 63 tony, do 300 uderze\u0144\/min<\/span><\/li>\n<li style=\"font-weight: 400;\" aria-level=\"1\"><span style=\"font-weight: 400;\">2 prasy szybkobie\u017cne \u2013 nacisk 26 ton, do 250 uderze\u0144\/min<\/span><\/li>\n<li style=\"font-weight: 400;\" aria-level=\"1\"><span style=\"font-weight: 400;\">8 pras mimo\u015brodowych \u2013 nacisk od 12 do 100 ton, do 60 uderze\u0144\/min<\/span><\/li>\n<\/ul><div><br><\/div>\n<p><span style=\"font-weight: 400;\">Wsp\u00f3\u0142praca z <\/span><b>Zak\u0142adem Metalowym Kr\u0119pa<\/b><span style=\"font-weight: 400;\"> w zakresie <\/span><b>wykrawania na prasach<\/b><span style=\"font-weight: 400;\"> to rozwi\u0105zanie dla firm, kt\u00f3re oczekuj\u0105 sprawnej realizacji produkcji, powtarzalnej jako\u015bci detali oraz technologii dopasowanej do specyfiki zam\u00f3wienia. Oferujemy wsparcie w wykonaniu element\u00f3w blaszanych przeznaczonych do dalszego monta\u017cu, obr\u00f3bki lub bezpo\u015bredniego wykorzystania w procesach produkcyjnych.<\/span><\/p>\t\t\t\t\t\t\t\t<\/div>\n\t\t\t\t<\/div>\n\t\t\t\t\t<\/div>\n\t\t<\/div>\n\t\t\t\t\t<\/div>\n\t\t<\/section>\n\t\t\t\t<\/div>\n\t\t","protected":false},"excerpt":{"rendered":"<p>Obr\u00f3bka CNC Strona g\u0142\u00f3wna Oferta Wykrawanie Wykrawanie na prasach Wykrawanie na prasach to proces technologiczny stosowany przy wycinaniu element\u00f3w z arkuszy blachy przy u\u017cyciu specjalistycznych narz\u0119dzi oraz nacisku prasy. Metoda ta pozwala na szybkie oddzielenie detalu od materia\u0142u wsadowego i uzyskanie elementu o okre\u015blonej geometrii zgodnej z dokumentacj\u0105 techniczn\u0105. Dzi\u0119ki temu wykrawanie jest powszechnie wykorzystywane <a href=\"https:\/\/www.z-m.pl\/pl\/wykrawanie-na-prasach\/\" class=\"more-link\">&#8230;<span class=\"screen-reader-text\">  Wykrawanie na prasach<\/span><\/a><\/p>\n","protected":false},"author":1,"featured_media":0,"parent":0,"menu_order":0,"comment_status":"closed","ping_status":"closed","template":"elementor_header_footer","meta":{"footnotes":""},"class_list":["post-2160","page","type-page","status-publish","hentry"],"yoast_head":"<!-- This site is optimized with the Yoast SEO plugin v27.6 - https:\/\/yoast.com\/product\/yoast-seo-wordpress\/ -->\n<title>Wykrawnie na Prasach \u2013 Obr\u00f3bka Blach - Zak\u0142ad Metalowy Kr\u0119pa<\/title>\n<meta name=\"description\" content=\"Wykrawanie element\u00f3w na prasach z zachowaniem wysokiej precyzji i powtarzalno\u015bci produkcji seryjnej.\" \/>\n<meta name=\"robots\" content=\"index, follow, max-snippet:-1, max-image-preview:large, max-video-preview:-1\" \/>\n<link rel=\"canonical\" href=\"https:\/\/www.z-m.pl\/pl\/wykrawanie-na-prasach\/\" \/>\n<meta property=\"og:locale\" content=\"pl_PL\" \/>\n<meta property=\"og:type\" content=\"article\" \/>\n<meta property=\"og:title\" content=\"Wykrawnie na Prasach \u2013 Obr\u00f3bka Blach - Zak\u0142ad Metalowy Kr\u0119pa\" \/>\n<meta property=\"og:description\" content=\"Wykrawanie element\u00f3w na prasach z zachowaniem wysokiej precyzji i powtarzalno\u015bci produkcji seryjnej.\" \/>\n<meta property=\"og:url\" content=\"https:\/\/www.z-m.pl\/pl\/wykrawanie-na-prasach\/\" \/>\n<meta property=\"og:site_name\" content=\"Zak\u0142ad Metalowy Kr\u0119pa\" \/>\n<meta property=\"article:modified_time\" content=\"2026-05-13T20:13:48+00:00\" \/>\n<meta property=\"og:image\" content=\"https:\/\/www.z-m.pl\/pl\/wp-content\/uploads\/sites\/2\/2022\/03\/4fd38dc7-object-20-a.png\" \/>\n<meta name=\"twitter:card\" content=\"summary_large_image\" \/>\n<meta name=\"twitter:label1\" content=\"Szacowany czas czytania\" \/>\n\t<meta name=\"twitter:data1\" content=\"3 minuty\" \/>\n<script type=\"application\/ld+json\" class=\"yoast-schema-graph\">{\"@context\":\"https:\\\/\\\/schema.org\",\"@graph\":[{\"@type\":\"WebPage\",\"@id\":\"https:\\\/\\\/www.z-m.pl\\\/pl\\\/wykrawanie-na-prasach\\\/\",\"url\":\"https:\\\/\\\/www.z-m.pl\\\/pl\\\/wykrawanie-na-prasach\\\/\",\"name\":\"Wykrawnie na Prasach \u2013 Obr\u00f3bka Blach - Zak\u0142ad Metalowy Kr\u0119pa\",\"isPartOf\":{\"@id\":\"https:\\\/\\\/www.z-m.pl\\\/pl\\\/#website\"},\"primaryImageOfPage\":{\"@id\":\"https:\\\/\\\/www.z-m.pl\\\/pl\\\/wykrawanie-na-prasach\\\/#primaryimage\"},\"image\":{\"@id\":\"https:\\\/\\\/www.z-m.pl\\\/pl\\\/wykrawanie-na-prasach\\\/#primaryimage\"},\"thumbnailUrl\":\"https:\\\/\\\/www.z-m.pl\\\/pl\\\/wp-content\\\/uploads\\\/sites\\\/2\\\/2022\\\/03\\\/4fd38dc7-object-20-a.png\",\"datePublished\":\"2026-05-13T17:10:01+00:00\",\"dateModified\":\"2026-05-13T20:13:48+00:00\",\"description\":\"Wykrawanie element\u00f3w na prasach z zachowaniem wysokiej precyzji i powtarzalno\u015bci produkcji seryjnej.\",\"breadcrumb\":{\"@id\":\"https:\\\/\\\/www.z-m.pl\\\/pl\\\/wykrawanie-na-prasach\\\/#breadcrumb\"},\"inLanguage\":\"pl-PL\",\"potentialAction\":[{\"@type\":\"ReadAction\",\"target\":[\"https:\\\/\\\/www.z-m.pl\\\/pl\\\/wykrawanie-na-prasach\\\/\"]}]},{\"@type\":\"ImageObject\",\"inLanguage\":\"pl-PL\",\"@id\":\"https:\\\/\\\/www.z-m.pl\\\/pl\\\/wykrawanie-na-prasach\\\/#primaryimage\",\"url\":\"https:\\\/\\\/www.z-m.pl\\\/pl\\\/wp-content\\\/uploads\\\/sites\\\/2\\\/2022\\\/03\\\/4fd38dc7-object-20-a.png\",\"contentUrl\":\"https:\\\/\\\/www.z-m.pl\\\/pl\\\/wp-content\\\/uploads\\\/sites\\\/2\\\/2022\\\/03\\\/4fd38dc7-object-20-a.png\",\"width\":39,\"height\":39},{\"@type\":\"BreadcrumbList\",\"@id\":\"https:\\\/\\\/www.z-m.pl\\\/pl\\\/wykrawanie-na-prasach\\\/#breadcrumb\",\"itemListElement\":[{\"@type\":\"ListItem\",\"position\":1,\"name\":\"Strona g\u0142\u00f3wna\",\"item\":\"https:\\\/\\\/www.z-m.pl\\\/pl\\\/\"},{\"@type\":\"ListItem\",\"position\":2,\"name\":\"Wykrawanie na prasach\"}]},{\"@type\":\"WebSite\",\"@id\":\"https:\\\/\\\/www.z-m.pl\\\/pl\\\/#website\",\"url\":\"https:\\\/\\\/www.z-m.pl\\\/pl\\\/\",\"name\":\"Zak\u0142ad Metalowy Kr\u0119pa\",\"description\":\"Obr\u00f3bka CNC | Produkcja narz\u0119dzi\",\"publisher\":{\"@id\":\"https:\\\/\\\/www.z-m.pl\\\/pl\\\/#organization\"},\"potentialAction\":[{\"@type\":\"SearchAction\",\"target\":{\"@type\":\"EntryPoint\",\"urlTemplate\":\"https:\\\/\\\/www.z-m.pl\\\/pl\\\/?s={search_term_string}\"},\"query-input\":{\"@type\":\"PropertyValueSpecification\",\"valueRequired\":true,\"valueName\":\"search_term_string\"}}],\"inLanguage\":\"pl-PL\"},{\"@type\":\"Organization\",\"@id\":\"https:\\\/\\\/www.z-m.pl\\\/pl\\\/#organization\",\"name\":\"Z-M Zak\u0142ad Metalowy Kr\u0119pa\",\"url\":\"https:\\\/\\\/www.z-m.pl\\\/pl\\\/\",\"logo\":{\"@type\":\"ImageObject\",\"inLanguage\":\"pl-PL\",\"@id\":\"https:\\\/\\\/www.z-m.pl\\\/pl\\\/#\\\/schema\\\/logo\\\/image\\\/\",\"url\":\"https:\\\/\\\/z-m.pl\\\/pl\\\/wp-content\\\/uploads\\\/sites\\\/2\\\/2022\\\/03\\\/zaklad-metalowy-krepa-logo.png\",\"contentUrl\":\"https:\\\/\\\/z-m.pl\\\/pl\\\/wp-content\\\/uploads\\\/sites\\\/2\\\/2022\\\/03\\\/zaklad-metalowy-krepa-logo.png\",\"width\":278,\"height\":280,\"caption\":\"Z-M Zak\u0142ad Metalowy Kr\u0119pa\"},\"image\":{\"@id\":\"https:\\\/\\\/www.z-m.pl\\\/pl\\\/#\\\/schema\\\/logo\\\/image\\\/\"}}]}<\/script>\n<!-- \/ Yoast SEO plugin. -->","yoast_head_json":{"title":"Wykrawnie na Prasach \u2013 Obr\u00f3bka Blach - Zak\u0142ad Metalowy Kr\u0119pa","description":"Wykrawanie element\u00f3w na prasach z zachowaniem wysokiej precyzji i powtarzalno\u015bci produkcji seryjnej.","robots":{"index":"index","follow":"follow","max-snippet":"max-snippet:-1","max-image-preview":"max-image-preview:large","max-video-preview":"max-video-preview:-1"},"canonical":"https:\/\/www.z-m.pl\/pl\/wykrawanie-na-prasach\/","og_locale":"pl_PL","og_type":"article","og_title":"Wykrawnie na Prasach \u2013 Obr\u00f3bka Blach - Zak\u0142ad Metalowy Kr\u0119pa","og_description":"Wykrawanie element\u00f3w na prasach z zachowaniem wysokiej precyzji i powtarzalno\u015bci produkcji seryjnej.","og_url":"https:\/\/www.z-m.pl\/pl\/wykrawanie-na-prasach\/","og_site_name":"Zak\u0142ad Metalowy Kr\u0119pa","article_modified_time":"2026-05-13T20:13:48+00:00","og_image":[{"url":"https:\/\/www.z-m.pl\/pl\/wp-content\/uploads\/sites\/2\/2022\/03\/4fd38dc7-object-20-a.png","type":"","width":"","height":""}],"twitter_card":"summary_large_image","twitter_misc":{"Szacowany czas czytania":"3 minuty"},"schema":{"@context":"https:\/\/schema.org","@graph":[{"@type":"WebPage","@id":"https:\/\/www.z-m.pl\/pl\/wykrawanie-na-prasach\/","url":"https:\/\/www.z-m.pl\/pl\/wykrawanie-na-prasach\/","name":"Wykrawnie na Prasach \u2013 Obr\u00f3bka Blach - Zak\u0142ad Metalowy Kr\u0119pa","isPartOf":{"@id":"https:\/\/www.z-m.pl\/pl\/#website"},"primaryImageOfPage":{"@id":"https:\/\/www.z-m.pl\/pl\/wykrawanie-na-prasach\/#primaryimage"},"image":{"@id":"https:\/\/www.z-m.pl\/pl\/wykrawanie-na-prasach\/#primaryimage"},"thumbnailUrl":"https:\/\/www.z-m.pl\/pl\/wp-content\/uploads\/sites\/2\/2022\/03\/4fd38dc7-object-20-a.png","datePublished":"2026-05-13T17:10:01+00:00","dateModified":"2026-05-13T20:13:48+00:00","description":"Wykrawanie element\u00f3w na prasach z zachowaniem wysokiej precyzji i powtarzalno\u015bci produkcji seryjnej.","breadcrumb":{"@id":"https:\/\/www.z-m.pl\/pl\/wykrawanie-na-prasach\/#breadcrumb"},"inLanguage":"pl-PL","potentialAction":[{"@type":"ReadAction","target":["https:\/\/www.z-m.pl\/pl\/wykrawanie-na-prasach\/"]}]},{"@type":"ImageObject","inLanguage":"pl-PL","@id":"https:\/\/www.z-m.pl\/pl\/wykrawanie-na-prasach\/#primaryimage","url":"https:\/\/www.z-m.pl\/pl\/wp-content\/uploads\/sites\/2\/2022\/03\/4fd38dc7-object-20-a.png","contentUrl":"https:\/\/www.z-m.pl\/pl\/wp-content\/uploads\/sites\/2\/2022\/03\/4fd38dc7-object-20-a.png","width":39,"height":39},{"@type":"BreadcrumbList","@id":"https:\/\/www.z-m.pl\/pl\/wykrawanie-na-prasach\/#breadcrumb","itemListElement":[{"@type":"ListItem","position":1,"name":"Strona g\u0142\u00f3wna","item":"https:\/\/www.z-m.pl\/pl\/"},{"@type":"ListItem","position":2,"name":"Wykrawanie na prasach"}]},{"@type":"WebSite","@id":"https:\/\/www.z-m.pl\/pl\/#website","url":"https:\/\/www.z-m.pl\/pl\/","name":"Zak\u0142ad Metalowy Kr\u0119pa","description":"Obr\u00f3bka CNC | Produkcja narz\u0119dzi","publisher":{"@id":"https:\/\/www.z-m.pl\/pl\/#organization"},"potentialAction":[{"@type":"SearchAction","target":{"@type":"EntryPoint","urlTemplate":"https:\/\/www.z-m.pl\/pl\/?s={search_term_string}"},"query-input":{"@type":"PropertyValueSpecification","valueRequired":true,"valueName":"search_term_string"}}],"inLanguage":"pl-PL"},{"@type":"Organization","@id":"https:\/\/www.z-m.pl\/pl\/#organization","name":"Z-M Zak\u0142ad Metalowy Kr\u0119pa","url":"https:\/\/www.z-m.pl\/pl\/","logo":{"@type":"ImageObject","inLanguage":"pl-PL","@id":"https:\/\/www.z-m.pl\/pl\/#\/schema\/logo\/image\/","url":"https:\/\/z-m.pl\/pl\/wp-content\/uploads\/sites\/2\/2022\/03\/zaklad-metalowy-krepa-logo.png","contentUrl":"https:\/\/z-m.pl\/pl\/wp-content\/uploads\/sites\/2\/2022\/03\/zaklad-metalowy-krepa-logo.png","width":278,"height":280,"caption":"Z-M Zak\u0142ad Metalowy Kr\u0119pa"},"image":{"@id":"https:\/\/www.z-m.pl\/pl\/#\/schema\/logo\/image\/"}}]}},"_links":{"self":[{"href":"https:\/\/www.z-m.pl\/pl\/wp-json\/wp\/v2\/pages\/2160","targetHints":{"allow":["GET"]}}],"collection":[{"href":"https:\/\/www.z-m.pl\/pl\/wp-json\/wp\/v2\/pages"}],"about":[{"href":"https:\/\/www.z-m.pl\/pl\/wp-json\/wp\/v2\/types\/page"}],"author":[{"embeddable":true,"href":"https:\/\/www.z-m.pl\/pl\/wp-json\/wp\/v2\/users\/1"}],"replies":[{"embeddable":true,"href":"https:\/\/www.z-m.pl\/pl\/wp-json\/wp\/v2\/comments?post=2160"}],"version-history":[{"count":4,"href":"https:\/\/www.z-m.pl\/pl\/wp-json\/wp\/v2\/pages\/2160\/revisions"}],"predecessor-version":[{"id":2164,"href":"https:\/\/www.z-m.pl\/pl\/wp-json\/wp\/v2\/pages\/2160\/revisions\/2164"}],"wp:attachment":[{"href":"https:\/\/www.z-m.pl\/pl\/wp-json\/wp\/v2\/media?parent=2160"}],"curies":[{"name":"wp","href":"https:\/\/api.w.org\/{rel}","templated":true}]}}