{"id":2138,"date":"2026-05-12T22:53:19","date_gmt":"2026-05-12T20:53:19","guid":{"rendered":"https:\/\/www.z-m.pl\/pl\/?page_id=2138"},"modified":"2026-05-12T22:54:53","modified_gmt":"2026-05-12T20:54:53","slug":"wielkogabarytowa-obrobka-cnc","status":"publish","type":"page","link":"https:\/\/www.z-m.pl\/pl\/wielkogabarytowa-obrobka-cnc\/","title":{"rendered":"Wielkogabarytowa obr\u00f3bka CNC"},"content":{"rendered":"\t\t<div data-elementor-type=\"wp-page\" data-elementor-id=\"2138\" class=\"elementor elementor-2138\" data-elementor-post-type=\"page\">\n\t\t\t\t\t\t<section class=\"elementor-section elementor-top-section elementor-element elementor-element-aabac2a elementor-section-boxed elementor-section-height-default elementor-section-height-default\" data-id=\"aabac2a\" data-element_type=\"section\" data-e-type=\"section\">\n\t\t\t\t\t\t\t<div class=\"elementor-background-overlay\"><\/div>\n\t\t\t\t\t\t\t<div class=\"elementor-container elementor-column-gap-no\">\n\t\t\t\t\t<div class=\"elementor-column elementor-col-100 elementor-top-column elementor-element elementor-element-1ce0fe8d\" data-id=\"1ce0fe8d\" data-element_type=\"column\" data-e-type=\"column\">\n\t\t\t<div class=\"elementor-widget-wrap elementor-element-populated\">\n\t\t\t\t\t\t<div class=\"elementor-element elementor-element-6fe4a82b elementor-widget elementor-widget-heading\" data-id=\"6fe4a82b\" data-element_type=\"widget\" data-e-type=\"widget\" data-widget_type=\"heading.default\">\n\t\t\t\t<div class=\"elementor-widget-container\">\n\t\t\t\t\t<h2 class=\"elementor-heading-title elementor-size-default\">Obr\u00f3bka CNC<\/h2>\t\t\t\t<\/div>\n\t\t\t\t<\/div>\n\t\t\t\t<div class=\"elementor-element elementor-element-3c4d3e96 elementor-icon-list--layout-inline elementor-align-center elementor-list-item-link-full_width elementor-widget elementor-widget-icon-list\" data-id=\"3c4d3e96\" data-element_type=\"widget\" data-e-type=\"widget\" data-widget_type=\"icon-list.default\">\n\t\t\t\t<div class=\"elementor-widget-container\">\n\t\t\t\t\t\t\t<ul class=\"elementor-icon-list-items elementor-inline-items\">\n\t\t\t\t\t\t\t<li class=\"elementor-icon-list-item elementor-inline-item\">\n\t\t\t\t\t\t\t\t\t\t\t<a href=\"#\">\n\n\t\t\t\t\t\t\t\t\t\t\t<span class=\"elementor-icon-list-text\">Strona g\u0142\u00f3wna<\/span>\n\t\t\t\t\t\t\t\t\t\t\t<\/a>\n\t\t\t\t\t\t\t\t\t<\/li>\n\t\t\t\t\t\t\t\t<li class=\"elementor-icon-list-item elementor-inline-item\">\n\t\t\t\t\t\t\t\t\t\t\t<span class=\"elementor-icon-list-icon\">\n\t\t\t\t\t\t\t<i aria-hidden=\"true\" class=\"fas fa-minus\"><\/i>\t\t\t\t\t\t<\/span>\n\t\t\t\t\t\t\t\t\t\t<span class=\"elementor-icon-list-text\">Oferta<\/span>\n\t\t\t\t\t\t\t\t\t<\/li>\n\t\t\t\t\t\t\t\t<li class=\"elementor-icon-list-item elementor-inline-item\">\n\t\t\t\t\t\t\t\t\t\t\t<span class=\"elementor-icon-list-icon\">\n\t\t\t\t\t\t\t<i aria-hidden=\"true\" class=\"fas fa-minus\"><\/i>\t\t\t\t\t\t<\/span>\n\t\t\t\t\t\t\t\t\t\t<span class=\"elementor-icon-list-text\">Obr\u00f3bka CNC<\/span>\n\t\t\t\t\t\t\t\t\t<\/li>\n\t\t\t\t\t\t<\/ul>\n\t\t\t\t\t\t<\/div>\n\t\t\t\t<\/div>\n\t\t\t\t<div class=\"elementor-element elementor-element-24939159 elementor-widget__width-initial elementor-absolute elementor-widget elementor-widget-image\" data-id=\"24939159\" data-element_type=\"widget\" data-e-type=\"widget\" data-settings=\"{&quot;_position&quot;:&quot;absolute&quot;}\" data-widget_type=\"image.default\">\n\t\t\t\t<div class=\"elementor-widget-container\">\n\t\t\t\t\t\t\t\t\t\t\t\t\t\t\t<img decoding=\"async\" width=\"39\" height=\"39\" src=\"https:\/\/www.z-m.pl\/pl\/wp-content\/uploads\/sites\/2\/2022\/03\/4fd38dc7-object-20-a.png\" class=\"attachment-full size-full wp-image-221\" alt=\"\" \/>\t\t\t\t\t\t\t\t\t\t\t\t\t\t\t<\/div>\n\t\t\t\t<\/div>\n\t\t\t\t\t<\/div>\n\t\t<\/div>\n\t\t\t\t\t<\/div>\n\t\t<\/section>\n\t\t\t\t<section class=\"elementor-section elementor-top-section elementor-element elementor-element-be1629f elementor-section-boxed elementor-section-height-default elementor-section-height-default\" data-id=\"be1629f\" data-element_type=\"section\" data-e-type=\"section\">\n\t\t\t\t\t\t<div class=\"elementor-container elementor-column-gap-default\">\n\t\t\t\t\t<div class=\"elementor-column elementor-col-100 elementor-top-column elementor-element elementor-element-59c1ffb\" data-id=\"59c1ffb\" data-element_type=\"column\" data-e-type=\"column\">\n\t\t\t<div class=\"elementor-widget-wrap elementor-element-populated\">\n\t\t\t\t\t\t<div class=\"elementor-element elementor-element-8c74832 elementor-widget elementor-widget-spacer\" data-id=\"8c74832\" data-element_type=\"widget\" data-e-type=\"widget\" data-widget_type=\"spacer.default\">\n\t\t\t\t<div class=\"elementor-widget-container\">\n\t\t\t\t\t\t\t<div class=\"elementor-spacer\">\n\t\t\t<div class=\"elementor-spacer-inner\"><\/div>\n\t\t<\/div>\n\t\t\t\t\t\t<\/div>\n\t\t\t\t<\/div>\n\t\t\t\t\t<\/div>\n\t\t<\/div>\n\t\t\t\t\t<\/div>\n\t\t<\/section>\n\t\t\t\t<section class=\"elementor-section elementor-top-section elementor-element elementor-element-246c87c elementor-section-boxed elementor-section-height-default elementor-section-height-default\" data-id=\"246c87c\" data-element_type=\"section\" data-e-type=\"section\">\n\t\t\t\t\t\t<div class=\"elementor-container elementor-column-gap-default\">\n\t\t\t\t\t<div class=\"elementor-column elementor-col-100 elementor-top-column elementor-element elementor-element-5f41a5d\" data-id=\"5f41a5d\" data-element_type=\"column\" data-e-type=\"column\">\n\t\t\t<div class=\"elementor-widget-wrap elementor-element-populated\">\n\t\t\t\t\t\t<div class=\"elementor-element elementor-element-26b8570 elementor-widget elementor-widget-heading\" data-id=\"26b8570\" data-element_type=\"widget\" data-e-type=\"widget\" data-widget_type=\"heading.default\">\n\t\t\t\t<div class=\"elementor-widget-container\">\n\t\t\t\t\t<h2 class=\"elementor-heading-title elementor-size-default\">Wielkogabarytowa obr\u00f3bka CNC<\/h2>\t\t\t\t<\/div>\n\t\t\t\t<\/div>\n\t\t\t\t<div class=\"elementor-element elementor-element-3cd5d59 elementor-widget elementor-widget-spacer\" data-id=\"3cd5d59\" data-element_type=\"widget\" data-e-type=\"widget\" data-widget_type=\"spacer.default\">\n\t\t\t\t<div class=\"elementor-widget-container\">\n\t\t\t\t\t\t\t<div class=\"elementor-spacer\">\n\t\t\t<div class=\"elementor-spacer-inner\"><\/div>\n\t\t<\/div>\n\t\t\t\t\t\t<\/div>\n\t\t\t\t<\/div>\n\t\t\t\t\t<\/div>\n\t\t<\/div>\n\t\t\t\t\t<\/div>\n\t\t<\/section>\n\t\t\t\t<section class=\"elementor-section elementor-top-section elementor-element elementor-element-e40e071 elementor-section-boxed elementor-section-height-default elementor-section-height-default\" data-id=\"e40e071\" data-element_type=\"section\" data-e-type=\"section\">\n\t\t\t\t\t\t<div class=\"elementor-container elementor-column-gap-default\">\n\t\t\t\t\t<div class=\"elementor-column elementor-col-100 elementor-top-column elementor-element elementor-element-2c31d7f\" data-id=\"2c31d7f\" data-element_type=\"column\" data-e-type=\"column\">\n\t\t\t<div class=\"elementor-widget-wrap elementor-element-populated\">\n\t\t\t\t\t\t<div class=\"elementor-element elementor-element-8278f12 elementor-widget elementor-widget-image\" data-id=\"8278f12\" data-element_type=\"widget\" data-e-type=\"widget\" data-widget_type=\"image.default\">\n\t\t\t\t<div class=\"elementor-widget-container\">\n\t\t\t\t\t\t\t\t\t\t\t\t\t\t\t<img fetchpriority=\"high\" decoding=\"async\" width=\"768\" height=\"512\" src=\"https:\/\/www.z-m.pl\/pl\/wp-content\/uploads\/sites\/2\/2026\/05\/CNC-w-lotnictwie.png\" class=\"attachment-large size-large wp-image-2019\" alt=\"\" srcset=\"https:\/\/www.z-m.pl\/pl\/wp-content\/uploads\/sites\/2\/2026\/05\/CNC-w-lotnictwie.png 768w, https:\/\/www.z-m.pl\/pl\/wp-content\/uploads\/sites\/2\/2026\/05\/CNC-w-lotnictwie-300x200.png 300w\" sizes=\"(max-width: 768px) 100vw, 768px\" \/>\t\t\t\t\t\t\t\t\t\t\t\t\t\t\t<\/div>\n\t\t\t\t<\/div>\n\t\t\t\t<div class=\"elementor-element elementor-element-15813f3 elementor-widget elementor-widget-spacer\" data-id=\"15813f3\" data-element_type=\"widget\" data-e-type=\"widget\" data-widget_type=\"spacer.default\">\n\t\t\t\t<div class=\"elementor-widget-container\">\n\t\t\t\t\t\t\t<div class=\"elementor-spacer\">\n\t\t\t<div class=\"elementor-spacer-inner\"><\/div>\n\t\t<\/div>\n\t\t\t\t\t\t<\/div>\n\t\t\t\t<\/div>\n\t\t\t\t<div class=\"elementor-element elementor-element-8431d64 elementor-invisible elementor-widget elementor-widget-text-editor\" data-id=\"8431d64\" data-element_type=\"widget\" data-e-type=\"widget\" data-settings=\"{&quot;_animation&quot;:&quot;fadeInRight&quot;}\" data-widget_type=\"text-editor.default\">\n\t\t\t\t<div class=\"elementor-widget-container\">\n\t\t\t\t\t\t\t\t\t<p><b>Wielkogabarytowa obr\u00f3bka CNC<\/b><span style=\"font-weight: 400;\"> znajduje zastosowanie w produkcji du\u017cych element\u00f3w konstrukcyjnych oraz komponent\u00f3w wykorzystywanych w przemy\u015ble maszynowym, energetycznym czy produkcji urz\u0105dze\u0144 przemys\u0142owych. Proces ten umo\u017cliwia precyzyjn\u0105 obr\u00f3bk\u0119 detali o znacznych wymiarach, przy zachowaniu wysokiej dok\u0142adno\u015bci wykonania oraz stabilno\u015bci parametr\u00f3w technologicznych.<\/span><\/p><p><span style=\"font-weight: 400;\">\u00a0<\/span><\/p><p><span style=\"font-weight: 400;\">Realizujemy <\/span><b>obr\u00f3bk\u0119 CNC du\u017cych gabaryt\u00f3w<\/b><span style=\"font-weight: 400;\"> z wykorzystaniem nowoczesnych centr\u00f3w obr\u00f3bczych przystosowanych do pracy z elementami o du\u017cych wymiarach i masie. Technologia sterowania numerycznego pozwala na dok\u0142adne prowadzenie procesu obr\u00f3bki, zachowanie powtarzalno\u015bci oraz efektywne wykonywanie element\u00f3w wymagaj\u0105cych precyzyjnego odwzorowania geometrii.<\/span><\/p><p><span style=\"font-weight: 400;\">\u00a0<\/span><\/p><p><b>Wielkogabarytowe frezowanie CNC<\/b><span style=\"font-weight: 400;\"> umo\u017cliwia obr\u00f3bk\u0119 komponent\u00f3w o z\u0142o\u017conych kszta\u0142tach, kt\u00f3re ze wzgl\u0119du na swoje rozmiary wymagaj\u0105 odpowiedniego zaplecza technologicznego oraz do\u015bwiadczenia w planowaniu procesu produkcyjnego. Obr\u00f3bka tego typu znajduje zastosowanie mi\u0119dzy innymi przy wykonywaniu cz\u0119\u015bci maszyn, element\u00f3w konstrukcji stalowych, komponent\u00f3w do urz\u0105dze\u0144 przemys\u0142owych czy detali wykorzystywanych w r\u00f3\u017cnych sektorach produkcji.<\/span><\/p><p><span style=\"font-weight: 400;\">\u00a0<\/span><\/p><p><span style=\"font-weight: 400;\">W procesie obr\u00f3bki szczeg\u00f3ln\u0105 uwag\u0119 zwracamy na w\u0142a\u015bciwe przygotowanie technologii produkcji, dob\u00f3r narz\u0119dzi oraz kontrol\u0119 parametr\u00f3w obr\u00f3bki. Dzi\u0119ki temu mo\u017cliwe jest uzyskanie wysokiej dok\u0142adno\u015bci wymiarowej oraz stabilnej jako\u015bci wykonania, nawet w przypadku element\u00f3w o du\u017cych gabarytach.<\/span><\/p><p><span style=\"font-weight: 400;\">\u00a0<\/span><\/p><p><span style=\"font-weight: 400;\">Nowoczesne zaplecze technologiczne pozwala na realizacj\u0119 projekt\u00f3w wymagaj\u0105cych obr\u00f3bki du\u017cych komponent\u00f3w przy zachowaniu wymaganych tolerancji oraz jako\u015bci powierzchni. <\/span><b>Wielkogabarytowa obr\u00f3bka CNC<\/b><span style=\"font-weight: 400;\"> stanowi wa\u017cny element wsparcia dla przedsi\u0119biorstw realizuj\u0105cych projekty konstrukcyjne i produkcyjne o zwi\u0119kszonej skali.<\/span><\/p><p><span style=\"font-weight: 400;\">\u00a0<\/span><\/p><p><b>Zak\u0142ad Metalowy Kr\u0119pa<\/b> <b>wykonuje obr\u00f3bk\u0119 CNC du\u017cych element\u00f3w<\/b><span style=\"font-weight: 400;\"> zgodnie z dokumentacj\u0105 techniczn\u0105 oraz wymaganiami jako\u015bciowymi klienta, zapewniaj\u0105c precyzj\u0119 wykonania i dopasowanie procesu produkcyjnego do specyfiki realizowanego projektu.<\/span><\/p>\t\t\t\t\t\t\t\t<\/div>\n\t\t\t\t<\/div>\n\t\t\t\t\t<\/div>\n\t\t<\/div>\n\t\t\t\t\t<\/div>\n\t\t<\/section>\n\t\t\t\t<\/div>\n\t\t","protected":false},"excerpt":{"rendered":"<p>Obr\u00f3bka CNC Strona g\u0142\u00f3wna Oferta Obr\u00f3bka CNC Wielkogabarytowa obr\u00f3bka CNC Wielkogabarytowa obr\u00f3bka CNC znajduje zastosowanie w produkcji du\u017cych element\u00f3w konstrukcyjnych oraz komponent\u00f3w wykorzystywanych w przemy\u015ble maszynowym, energetycznym czy produkcji urz\u0105dze\u0144 przemys\u0142owych. Proces ten umo\u017cliwia precyzyjn\u0105 obr\u00f3bk\u0119 detali o znacznych wymiarach, przy zachowaniu wysokiej dok\u0142adno\u015bci wykonania oraz stabilno\u015bci parametr\u00f3w technologicznych. \u00a0 Realizujemy obr\u00f3bk\u0119 CNC du\u017cych gabaryt\u00f3w <a href=\"https:\/\/www.z-m.pl\/pl\/wielkogabarytowa-obrobka-cnc\/\" class=\"more-link\">&#8230;<span class=\"screen-reader-text\">  Wielkogabarytowa obr\u00f3bka CNC<\/span><\/a><\/p>\n","protected":false},"author":1,"featured_media":0,"parent":0,"menu_order":0,"comment_status":"closed","ping_status":"closed","template":"elementor_header_footer","meta":{"footnotes":""},"class_list":["post-2138","page","type-page","status-publish","hentry"],"yoast_head":"<!-- This site is optimized with the Yoast SEO plugin v27.4 - https:\/\/yoast.com\/product\/yoast-seo-wordpress\/ -->\n<title>Wielkogabarytowa obr\u00f3bka CNC - Zak\u0142ad Metalowy Kr\u0119pa<\/title>\n<meta name=\"robots\" content=\"index, follow, max-snippet:-1, max-image-preview:large, max-video-preview:-1\" \/>\n<link rel=\"canonical\" href=\"https:\/\/www.z-m.pl\/pl\/wielkogabarytowa-obrobka-cnc\/\" \/>\n<meta property=\"og:locale\" content=\"pl_PL\" \/>\n<meta property=\"og:type\" content=\"article\" \/>\n<meta property=\"og:title\" content=\"Wielkogabarytowa obr\u00f3bka CNC - Zak\u0142ad Metalowy Kr\u0119pa\" \/>\n<meta property=\"og:description\" content=\"Obr\u00f3bka CNC Strona g\u0142\u00f3wna Oferta Obr\u00f3bka CNC Wielkogabarytowa obr\u00f3bka CNC Wielkogabarytowa obr\u00f3bka CNC znajduje zastosowanie w produkcji du\u017cych element\u00f3w konstrukcyjnych oraz komponent\u00f3w wykorzystywanych w przemy\u015ble maszynowym, energetycznym czy produkcji urz\u0105dze\u0144 przemys\u0142owych. Proces ten umo\u017cliwia precyzyjn\u0105 obr\u00f3bk\u0119 detali o znacznych wymiarach, przy zachowaniu wysokiej dok\u0142adno\u015bci wykonania oraz stabilno\u015bci parametr\u00f3w technologicznych. \u00a0 Realizujemy obr\u00f3bk\u0119 CNC du\u017cych gabaryt\u00f3w ... Wielkogabarytowa obr\u00f3bka CNC\" \/>\n<meta property=\"og:url\" content=\"https:\/\/www.z-m.pl\/pl\/wielkogabarytowa-obrobka-cnc\/\" \/>\n<meta property=\"og:site_name\" content=\"Zak\u0142ad Metalowy Kr\u0119pa\" \/>\n<meta property=\"article:modified_time\" content=\"2026-05-12T20:54:53+00:00\" \/>\n<meta property=\"og:image\" content=\"https:\/\/www.z-m.pl\/pl\/wp-content\/uploads\/sites\/2\/2022\/03\/4fd38dc7-object-20-a.png\" \/>\n\t<meta property=\"og:image:width\" content=\"39\" \/>\n\t<meta property=\"og:image:height\" content=\"39\" \/>\n\t<meta property=\"og:image:type\" content=\"image\/png\" \/>\n<meta name=\"twitter:card\" content=\"summary_large_image\" \/>\n<meta name=\"twitter:label1\" content=\"Szacowany czas czytania\" \/>\n\t<meta name=\"twitter:data1\" content=\"2 minuty\" \/>\n<script type=\"application\/ld+json\" class=\"yoast-schema-graph\">{\"@context\":\"https:\\\/\\\/schema.org\",\"@graph\":[{\"@type\":\"WebPage\",\"@id\":\"https:\\\/\\\/www.z-m.pl\\\/pl\\\/wielkogabarytowa-obrobka-cnc\\\/\",\"url\":\"https:\\\/\\\/www.z-m.pl\\\/pl\\\/wielkogabarytowa-obrobka-cnc\\\/\",\"name\":\"Wielkogabarytowa obr\u00f3bka CNC - Zak\u0142ad Metalowy Kr\u0119pa\",\"isPartOf\":{\"@id\":\"https:\\\/\\\/www.z-m.pl\\\/pl\\\/#website\"},\"primaryImageOfPage\":{\"@id\":\"https:\\\/\\\/www.z-m.pl\\\/pl\\\/wielkogabarytowa-obrobka-cnc\\\/#primaryimage\"},\"image\":{\"@id\":\"https:\\\/\\\/www.z-m.pl\\\/pl\\\/wielkogabarytowa-obrobka-cnc\\\/#primaryimage\"},\"thumbnailUrl\":\"https:\\\/\\\/www.z-m.pl\\\/pl\\\/wp-content\\\/uploads\\\/sites\\\/2\\\/2022\\\/03\\\/4fd38dc7-object-20-a.png\",\"datePublished\":\"2026-05-12T20:53:19+00:00\",\"dateModified\":\"2026-05-12T20:54:53+00:00\",\"breadcrumb\":{\"@id\":\"https:\\\/\\\/www.z-m.pl\\\/pl\\\/wielkogabarytowa-obrobka-cnc\\\/#breadcrumb\"},\"inLanguage\":\"pl-PL\",\"potentialAction\":[{\"@type\":\"ReadAction\",\"target\":[\"https:\\\/\\\/www.z-m.pl\\\/pl\\\/wielkogabarytowa-obrobka-cnc\\\/\"]}]},{\"@type\":\"ImageObject\",\"inLanguage\":\"pl-PL\",\"@id\":\"https:\\\/\\\/www.z-m.pl\\\/pl\\\/wielkogabarytowa-obrobka-cnc\\\/#primaryimage\",\"url\":\"https:\\\/\\\/www.z-m.pl\\\/pl\\\/wp-content\\\/uploads\\\/sites\\\/2\\\/2022\\\/03\\\/4fd38dc7-object-20-a.png\",\"contentUrl\":\"https:\\\/\\\/www.z-m.pl\\\/pl\\\/wp-content\\\/uploads\\\/sites\\\/2\\\/2022\\\/03\\\/4fd38dc7-object-20-a.png\",\"width\":39,\"height\":39},{\"@type\":\"BreadcrumbList\",\"@id\":\"https:\\\/\\\/www.z-m.pl\\\/pl\\\/wielkogabarytowa-obrobka-cnc\\\/#breadcrumb\",\"itemListElement\":[{\"@type\":\"ListItem\",\"position\":1,\"name\":\"Strona g\u0142\u00f3wna\",\"item\":\"https:\\\/\\\/www.z-m.pl\\\/pl\\\/\"},{\"@type\":\"ListItem\",\"position\":2,\"name\":\"Wielkogabarytowa obr\u00f3bka CNC\"}]},{\"@type\":\"WebSite\",\"@id\":\"https:\\\/\\\/www.z-m.pl\\\/pl\\\/#website\",\"url\":\"https:\\\/\\\/www.z-m.pl\\\/pl\\\/\",\"name\":\"Zak\u0142ad Metalowy Kr\u0119pa\",\"description\":\"Obr\u00f3bka CNC | Produkcja narz\u0119dzi\",\"publisher\":{\"@id\":\"https:\\\/\\\/www.z-m.pl\\\/pl\\\/#organization\"},\"potentialAction\":[{\"@type\":\"SearchAction\",\"target\":{\"@type\":\"EntryPoint\",\"urlTemplate\":\"https:\\\/\\\/www.z-m.pl\\\/pl\\\/?s={search_term_string}\"},\"query-input\":{\"@type\":\"PropertyValueSpecification\",\"valueRequired\":true,\"valueName\":\"search_term_string\"}}],\"inLanguage\":\"pl-PL\"},{\"@type\":\"Organization\",\"@id\":\"https:\\\/\\\/www.z-m.pl\\\/pl\\\/#organization\",\"name\":\"Z-M Zak\u0142ad Metalowy Kr\u0119pa\",\"url\":\"https:\\\/\\\/www.z-m.pl\\\/pl\\\/\",\"logo\":{\"@type\":\"ImageObject\",\"inLanguage\":\"pl-PL\",\"@id\":\"https:\\\/\\\/www.z-m.pl\\\/pl\\\/#\\\/schema\\\/logo\\\/image\\\/\",\"url\":\"https:\\\/\\\/z-m.pl\\\/pl\\\/wp-content\\\/uploads\\\/sites\\\/2\\\/2022\\\/03\\\/zaklad-metalowy-krepa-logo.png\",\"contentUrl\":\"https:\\\/\\\/z-m.pl\\\/pl\\\/wp-content\\\/uploads\\\/sites\\\/2\\\/2022\\\/03\\\/zaklad-metalowy-krepa-logo.png\",\"width\":278,\"height\":280,\"caption\":\"Z-M Zak\u0142ad Metalowy Kr\u0119pa\"},\"image\":{\"@id\":\"https:\\\/\\\/www.z-m.pl\\\/pl\\\/#\\\/schema\\\/logo\\\/image\\\/\"}}]}<\/script>\n<!-- \/ Yoast SEO plugin. -->","yoast_head_json":{"title":"Wielkogabarytowa obr\u00f3bka CNC - Zak\u0142ad Metalowy Kr\u0119pa","robots":{"index":"index","follow":"follow","max-snippet":"max-snippet:-1","max-image-preview":"max-image-preview:large","max-video-preview":"max-video-preview:-1"},"canonical":"https:\/\/www.z-m.pl\/pl\/wielkogabarytowa-obrobka-cnc\/","og_locale":"pl_PL","og_type":"article","og_title":"Wielkogabarytowa obr\u00f3bka CNC - Zak\u0142ad Metalowy Kr\u0119pa","og_description":"Obr\u00f3bka CNC Strona g\u0142\u00f3wna Oferta Obr\u00f3bka CNC Wielkogabarytowa obr\u00f3bka CNC Wielkogabarytowa obr\u00f3bka CNC znajduje zastosowanie w produkcji du\u017cych element\u00f3w konstrukcyjnych oraz komponent\u00f3w wykorzystywanych w przemy\u015ble maszynowym, energetycznym czy produkcji urz\u0105dze\u0144 przemys\u0142owych. Proces ten umo\u017cliwia precyzyjn\u0105 obr\u00f3bk\u0119 detali o znacznych wymiarach, przy zachowaniu wysokiej dok\u0142adno\u015bci wykonania oraz stabilno\u015bci parametr\u00f3w technologicznych. \u00a0 Realizujemy obr\u00f3bk\u0119 CNC du\u017cych gabaryt\u00f3w ... Wielkogabarytowa obr\u00f3bka CNC","og_url":"https:\/\/www.z-m.pl\/pl\/wielkogabarytowa-obrobka-cnc\/","og_site_name":"Zak\u0142ad Metalowy Kr\u0119pa","article_modified_time":"2026-05-12T20:54:53+00:00","og_image":[{"width":39,"height":39,"url":"https:\/\/www.z-m.pl\/pl\/wp-content\/uploads\/sites\/2\/2022\/03\/4fd38dc7-object-20-a.png","type":"image\/png"}],"twitter_card":"summary_large_image","twitter_misc":{"Szacowany czas czytania":"2 minuty"},"schema":{"@context":"https:\/\/schema.org","@graph":[{"@type":"WebPage","@id":"https:\/\/www.z-m.pl\/pl\/wielkogabarytowa-obrobka-cnc\/","url":"https:\/\/www.z-m.pl\/pl\/wielkogabarytowa-obrobka-cnc\/","name":"Wielkogabarytowa obr\u00f3bka CNC - Zak\u0142ad Metalowy Kr\u0119pa","isPartOf":{"@id":"https:\/\/www.z-m.pl\/pl\/#website"},"primaryImageOfPage":{"@id":"https:\/\/www.z-m.pl\/pl\/wielkogabarytowa-obrobka-cnc\/#primaryimage"},"image":{"@id":"https:\/\/www.z-m.pl\/pl\/wielkogabarytowa-obrobka-cnc\/#primaryimage"},"thumbnailUrl":"https:\/\/www.z-m.pl\/pl\/wp-content\/uploads\/sites\/2\/2022\/03\/4fd38dc7-object-20-a.png","datePublished":"2026-05-12T20:53:19+00:00","dateModified":"2026-05-12T20:54:53+00:00","breadcrumb":{"@id":"https:\/\/www.z-m.pl\/pl\/wielkogabarytowa-obrobka-cnc\/#breadcrumb"},"inLanguage":"pl-PL","potentialAction":[{"@type":"ReadAction","target":["https:\/\/www.z-m.pl\/pl\/wielkogabarytowa-obrobka-cnc\/"]}]},{"@type":"ImageObject","inLanguage":"pl-PL","@id":"https:\/\/www.z-m.pl\/pl\/wielkogabarytowa-obrobka-cnc\/#primaryimage","url":"https:\/\/www.z-m.pl\/pl\/wp-content\/uploads\/sites\/2\/2022\/03\/4fd38dc7-object-20-a.png","contentUrl":"https:\/\/www.z-m.pl\/pl\/wp-content\/uploads\/sites\/2\/2022\/03\/4fd38dc7-object-20-a.png","width":39,"height":39},{"@type":"BreadcrumbList","@id":"https:\/\/www.z-m.pl\/pl\/wielkogabarytowa-obrobka-cnc\/#breadcrumb","itemListElement":[{"@type":"ListItem","position":1,"name":"Strona g\u0142\u00f3wna","item":"https:\/\/www.z-m.pl\/pl\/"},{"@type":"ListItem","position":2,"name":"Wielkogabarytowa obr\u00f3bka CNC"}]},{"@type":"WebSite","@id":"https:\/\/www.z-m.pl\/pl\/#website","url":"https:\/\/www.z-m.pl\/pl\/","name":"Zak\u0142ad Metalowy Kr\u0119pa","description":"Obr\u00f3bka CNC | Produkcja narz\u0119dzi","publisher":{"@id":"https:\/\/www.z-m.pl\/pl\/#organization"},"potentialAction":[{"@type":"SearchAction","target":{"@type":"EntryPoint","urlTemplate":"https:\/\/www.z-m.pl\/pl\/?s={search_term_string}"},"query-input":{"@type":"PropertyValueSpecification","valueRequired":true,"valueName":"search_term_string"}}],"inLanguage":"pl-PL"},{"@type":"Organization","@id":"https:\/\/www.z-m.pl\/pl\/#organization","name":"Z-M Zak\u0142ad Metalowy Kr\u0119pa","url":"https:\/\/www.z-m.pl\/pl\/","logo":{"@type":"ImageObject","inLanguage":"pl-PL","@id":"https:\/\/www.z-m.pl\/pl\/#\/schema\/logo\/image\/","url":"https:\/\/z-m.pl\/pl\/wp-content\/uploads\/sites\/2\/2022\/03\/zaklad-metalowy-krepa-logo.png","contentUrl":"https:\/\/z-m.pl\/pl\/wp-content\/uploads\/sites\/2\/2022\/03\/zaklad-metalowy-krepa-logo.png","width":278,"height":280,"caption":"Z-M Zak\u0142ad Metalowy Kr\u0119pa"},"image":{"@id":"https:\/\/www.z-m.pl\/pl\/#\/schema\/logo\/image\/"}}]}},"_links":{"self":[{"href":"https:\/\/www.z-m.pl\/pl\/wp-json\/wp\/v2\/pages\/2138","targetHints":{"allow":["GET"]}}],"collection":[{"href":"https:\/\/www.z-m.pl\/pl\/wp-json\/wp\/v2\/pages"}],"about":[{"href":"https:\/\/www.z-m.pl\/pl\/wp-json\/wp\/v2\/types\/page"}],"author":[{"embeddable":true,"href":"https:\/\/www.z-m.pl\/pl\/wp-json\/wp\/v2\/users\/1"}],"replies":[{"embeddable":true,"href":"https:\/\/www.z-m.pl\/pl\/wp-json\/wp\/v2\/comments?post=2138"}],"version-history":[{"count":4,"href":"https:\/\/www.z-m.pl\/pl\/wp-json\/wp\/v2\/pages\/2138\/revisions"}],"predecessor-version":[{"id":2142,"href":"https:\/\/www.z-m.pl\/pl\/wp-json\/wp\/v2\/pages\/2138\/revisions\/2142"}],"wp:attachment":[{"href":"https:\/\/www.z-m.pl\/pl\/wp-json\/wp\/v2\/media?parent=2138"}],"curies":[{"name":"wp","href":"https:\/\/api.w.org\/{rel}","templated":true}]}}