{"id":2060,"date":"2026-05-12T22:11:42","date_gmt":"2026-05-12T20:11:42","guid":{"rendered":"https:\/\/www.z-m.pl\/pl\/?page_id=2060"},"modified":"2026-05-12T22:19:35","modified_gmt":"2026-05-12T20:19:35","slug":"obrobka-cnc-podkarpacie","status":"publish","type":"page","link":"https:\/\/www.z-m.pl\/pl\/obrobka-cnc-podkarpacie\/","title":{"rendered":"Obr\u00f3bka CNC Podkarpacie"},"content":{"rendered":"\t\t<div data-elementor-type=\"wp-page\" data-elementor-id=\"2060\" class=\"elementor elementor-2060\" data-elementor-post-type=\"page\">\n\t\t\t\t\t\t<section class=\"elementor-section elementor-top-section elementor-element elementor-element-aabac2a elementor-section-boxed elementor-section-height-default elementor-section-height-default\" data-id=\"aabac2a\" data-element_type=\"section\" data-e-type=\"section\">\n\t\t\t\t\t\t\t<div class=\"elementor-background-overlay\"><\/div>\n\t\t\t\t\t\t\t<div class=\"elementor-container elementor-column-gap-no\">\n\t\t\t\t\t<div class=\"elementor-column elementor-col-100 elementor-top-column elementor-element elementor-element-1ce0fe8d\" data-id=\"1ce0fe8d\" data-element_type=\"column\" data-e-type=\"column\">\n\t\t\t<div class=\"elementor-widget-wrap elementor-element-populated\">\n\t\t\t\t\t\t<div class=\"elementor-element elementor-element-6fe4a82b elementor-widget elementor-widget-heading\" data-id=\"6fe4a82b\" data-element_type=\"widget\" data-e-type=\"widget\" data-widget_type=\"heading.default\">\n\t\t\t\t<div class=\"elementor-widget-container\">\n\t\t\t\t\t<h2 class=\"elementor-heading-title elementor-size-default\">Obr\u00f3bka CNC<\/h2>\t\t\t\t<\/div>\n\t\t\t\t<\/div>\n\t\t\t\t<div class=\"elementor-element elementor-element-3c4d3e96 elementor-icon-list--layout-inline elementor-align-center elementor-list-item-link-full_width elementor-widget elementor-widget-icon-list\" data-id=\"3c4d3e96\" data-element_type=\"widget\" data-e-type=\"widget\" data-widget_type=\"icon-list.default\">\n\t\t\t\t<div class=\"elementor-widget-container\">\n\t\t\t\t\t\t\t<ul class=\"elementor-icon-list-items elementor-inline-items\">\n\t\t\t\t\t\t\t<li class=\"elementor-icon-list-item elementor-inline-item\">\n\t\t\t\t\t\t\t\t\t\t\t<a href=\"#\">\n\n\t\t\t\t\t\t\t\t\t\t\t<span class=\"elementor-icon-list-text\">Strona g\u0142\u00f3wna<\/span>\n\t\t\t\t\t\t\t\t\t\t\t<\/a>\n\t\t\t\t\t\t\t\t\t<\/li>\n\t\t\t\t\t\t\t\t<li class=\"elementor-icon-list-item elementor-inline-item\">\n\t\t\t\t\t\t\t\t\t\t\t<span class=\"elementor-icon-list-icon\">\n\t\t\t\t\t\t\t<i aria-hidden=\"true\" class=\"fas fa-minus\"><\/i>\t\t\t\t\t\t<\/span>\n\t\t\t\t\t\t\t\t\t\t<span class=\"elementor-icon-list-text\">Oferta<\/span>\n\t\t\t\t\t\t\t\t\t<\/li>\n\t\t\t\t\t\t\t\t<li class=\"elementor-icon-list-item elementor-inline-item\">\n\t\t\t\t\t\t\t\t\t\t\t<span class=\"elementor-icon-list-icon\">\n\t\t\t\t\t\t\t<i aria-hidden=\"true\" class=\"fas fa-minus\"><\/i>\t\t\t\t\t\t<\/span>\n\t\t\t\t\t\t\t\t\t\t<span class=\"elementor-icon-list-text\">Obr\u00f3bka CNC<\/span>\n\t\t\t\t\t\t\t\t\t<\/li>\n\t\t\t\t\t\t<\/ul>\n\t\t\t\t\t\t<\/div>\n\t\t\t\t<\/div>\n\t\t\t\t<div class=\"elementor-element elementor-element-24939159 elementor-widget__width-initial elementor-absolute elementor-widget elementor-widget-image\" data-id=\"24939159\" data-element_type=\"widget\" data-e-type=\"widget\" data-settings=\"{&quot;_position&quot;:&quot;absolute&quot;}\" data-widget_type=\"image.default\">\n\t\t\t\t<div class=\"elementor-widget-container\">\n\t\t\t\t\t\t\t\t\t\t\t\t\t\t\t<img decoding=\"async\" width=\"39\" height=\"39\" src=\"https:\/\/www.z-m.pl\/pl\/wp-content\/uploads\/sites\/2\/2022\/03\/4fd38dc7-object-20-a.png\" class=\"attachment-full size-full wp-image-221\" alt=\"\" \/>\t\t\t\t\t\t\t\t\t\t\t\t\t\t\t<\/div>\n\t\t\t\t<\/div>\n\t\t\t\t\t<\/div>\n\t\t<\/div>\n\t\t\t\t\t<\/div>\n\t\t<\/section>\n\t\t\t\t<section class=\"elementor-section elementor-top-section elementor-element elementor-element-be1629f elementor-section-boxed elementor-section-height-default elementor-section-height-default\" data-id=\"be1629f\" data-element_type=\"section\" data-e-type=\"section\">\n\t\t\t\t\t\t<div class=\"elementor-container elementor-column-gap-default\">\n\t\t\t\t\t<div class=\"elementor-column elementor-col-100 elementor-top-column elementor-element elementor-element-59c1ffb\" data-id=\"59c1ffb\" data-element_type=\"column\" data-e-type=\"column\">\n\t\t\t<div class=\"elementor-widget-wrap elementor-element-populated\">\n\t\t\t\t\t\t<div class=\"elementor-element elementor-element-8c74832 elementor-widget elementor-widget-spacer\" data-id=\"8c74832\" data-element_type=\"widget\" data-e-type=\"widget\" data-widget_type=\"spacer.default\">\n\t\t\t\t<div class=\"elementor-widget-container\">\n\t\t\t\t\t\t\t<div class=\"elementor-spacer\">\n\t\t\t<div class=\"elementor-spacer-inner\"><\/div>\n\t\t<\/div>\n\t\t\t\t\t\t<\/div>\n\t\t\t\t<\/div>\n\t\t\t\t\t<\/div>\n\t\t<\/div>\n\t\t\t\t\t<\/div>\n\t\t<\/section>\n\t\t\t\t<section class=\"elementor-section elementor-top-section elementor-element elementor-element-246c87c elementor-section-boxed elementor-section-height-default elementor-section-height-default\" data-id=\"246c87c\" data-element_type=\"section\" data-e-type=\"section\">\n\t\t\t\t\t\t<div class=\"elementor-container elementor-column-gap-default\">\n\t\t\t\t\t<div class=\"elementor-column elementor-col-100 elementor-top-column elementor-element elementor-element-5f41a5d\" data-id=\"5f41a5d\" data-element_type=\"column\" data-e-type=\"column\">\n\t\t\t<div class=\"elementor-widget-wrap elementor-element-populated\">\n\t\t\t\t\t\t<div class=\"elementor-element elementor-element-26b8570 elementor-widget elementor-widget-heading\" data-id=\"26b8570\" data-element_type=\"widget\" data-e-type=\"widget\" data-widget_type=\"heading.default\">\n\t\t\t\t<div class=\"elementor-widget-container\">\n\t\t\t\t\t<h2 class=\"elementor-heading-title elementor-size-default\">Obr\u00f3bka CNC Podkarpacie<\/h2>\t\t\t\t<\/div>\n\t\t\t\t<\/div>\n\t\t\t\t<div class=\"elementor-element elementor-element-3cd5d59 elementor-widget elementor-widget-spacer\" data-id=\"3cd5d59\" data-element_type=\"widget\" data-e-type=\"widget\" data-widget_type=\"spacer.default\">\n\t\t\t\t<div class=\"elementor-widget-container\">\n\t\t\t\t\t\t\t<div class=\"elementor-spacer\">\n\t\t\t<div class=\"elementor-spacer-inner\"><\/div>\n\t\t<\/div>\n\t\t\t\t\t\t<\/div>\n\t\t\t\t<\/div>\n\t\t\t\t\t<\/div>\n\t\t<\/div>\n\t\t\t\t\t<\/div>\n\t\t<\/section>\n\t\t\t\t<section class=\"elementor-section elementor-top-section elementor-element elementor-element-e40e071 elementor-section-boxed elementor-section-height-default elementor-section-height-default\" data-id=\"e40e071\" data-element_type=\"section\" data-e-type=\"section\">\n\t\t\t\t\t\t<div class=\"elementor-container elementor-column-gap-default\">\n\t\t\t\t\t<div class=\"elementor-column elementor-col-100 elementor-top-column elementor-element elementor-element-2c31d7f\" data-id=\"2c31d7f\" data-element_type=\"column\" data-e-type=\"column\">\n\t\t\t<div class=\"elementor-widget-wrap elementor-element-populated\">\n\t\t\t\t\t\t<div class=\"elementor-element elementor-element-8278f12 elementor-widget elementor-widget-image\" data-id=\"8278f12\" data-element_type=\"widget\" data-e-type=\"widget\" data-widget_type=\"image.default\">\n\t\t\t\t<div class=\"elementor-widget-container\">\n\t\t\t\t\t\t\t\t\t\t\t\t\t\t\t<img fetchpriority=\"high\" decoding=\"async\" width=\"1024\" height=\"683\" src=\"https:\/\/www.z-m.pl\/pl\/wp-content\/uploads\/sites\/2\/2026\/05\/obrobka-cnc-w-lotniwctwie-1024x683.webp\" class=\"attachment-large size-large wp-image-2020\" alt=\"\" srcset=\"https:\/\/www.z-m.pl\/pl\/wp-content\/uploads\/sites\/2\/2026\/05\/obrobka-cnc-w-lotniwctwie-1024x683.webp 1024w, https:\/\/www.z-m.pl\/pl\/wp-content\/uploads\/sites\/2\/2026\/05\/obrobka-cnc-w-lotniwctwie-300x200.webp 300w, https:\/\/www.z-m.pl\/pl\/wp-content\/uploads\/sites\/2\/2026\/05\/obrobka-cnc-w-lotniwctwie.webp 1536w\" sizes=\"(max-width: 1024px) 100vw, 1024px\" \/>\t\t\t\t\t\t\t\t\t\t\t\t\t\t\t<\/div>\n\t\t\t\t<\/div>\n\t\t\t\t<div class=\"elementor-element elementor-element-15813f3 elementor-widget elementor-widget-spacer\" data-id=\"15813f3\" data-element_type=\"widget\" data-e-type=\"widget\" data-widget_type=\"spacer.default\">\n\t\t\t\t<div class=\"elementor-widget-container\">\n\t\t\t\t\t\t\t<div class=\"elementor-spacer\">\n\t\t\t<div class=\"elementor-spacer-inner\"><\/div>\n\t\t<\/div>\n\t\t\t\t\t\t<\/div>\n\t\t\t\t<\/div>\n\t\t\t\t<div class=\"elementor-element elementor-element-8431d64 elementor-invisible elementor-widget elementor-widget-text-editor\" data-id=\"8431d64\" data-element_type=\"widget\" data-e-type=\"widget\" data-settings=\"{&quot;_animation&quot;:&quot;fadeInRight&quot;}\" data-widget_type=\"text-editor.default\">\n\t\t\t\t<div class=\"elementor-widget-container\">\n\t\t\t\t\t\t\t\t\t<p><span style=\"font-weight: 400;\">Dynamiczny rozw\u00f3j przemys\u0142u sprawia, \u017ce coraz wi\u0119ksze znaczenie zyskuj\u0105 technologie pozwalaj\u0105ce na precyzyjne i powtarzalne wytwarzanie komponent\u00f3w metalowych. Jedn\u0105 z nich jest <\/span><b>obr\u00f3bka CNC<\/b><span style=\"font-weight: 400;\">, czyli proces obr\u00f3bki realizowany przy u\u017cyciu maszyn sterowanych komputerowo. <\/span><b>Zak\u0142ad Metalowy Kr\u0119pa<\/b><span style=\"font-weight: 400;\"> oferuje profesjonalne us\u0142ugi w zakresie <\/span><b>obr\u00f3bki CNC na Podkarpaciu<\/b><span style=\"font-weight: 400;\">, zapewniaj\u0105c wysok\u0105 jako\u015b\u0107 wykonania oraz pe\u0142n\u0105 kontrol\u0119 nad procesem produkcyjnym.<\/span><\/p><p><span style=\"font-weight: 400;\">\u00a0<\/span><\/p><p><span style=\"font-weight: 400;\">Zastosowanie nowoczesnych technologii pozwala na dok\u0142adne kszta\u0142towanie element\u00f3w metalowych zgodnie z dokumentacj\u0105 techniczn\u0105 klienta. <\/span><b>Obr\u00f3bka metali CNC<\/b><span style=\"font-weight: 400;\"> umo\u017cliwia tworzenie detali o skomplikowanej geometrii, zachowuj\u0105c przy tym wysok\u0105 dok\u0142adno\u015b\u0107 oraz powtarzalno\u015b\u0107 parametr\u00f3w. Dzi\u0119ki temu rozwi\u0105zanie to znajduje szerokie zastosowanie w produkcji cz\u0119\u015bci do maszyn, urz\u0105dze\u0144 przemys\u0142owych, czy konstrukcji technicznych.<\/span><\/p><p><span style=\"font-weight: 400;\">\u00a0<\/span><\/p><p><span style=\"font-weight: 400;\">W naszym zak\u0142adzie realizowana jest <\/span><b>kompleksowa obr\u00f3bka metali z wykorzystaniem technologii CNC<\/b><span style=\"font-weight: 400;\">, obejmuj\u0105ca mi\u0119dzy innymi <\/span><b>frezowanie i toczenie<\/b><span style=\"font-weight: 400;\"> detali wykonanych z r\u00f3\u017cnych materia\u0142\u00f3w. Obrabiamy stal, aluminium, stal nierdzewn\u0105 oraz inne metale wykorzystywane w produkcji przemys\u0142owej. Nowoczesne centra obr\u00f3bcze pozwalaj\u0105 na sprawn\u0105 realizacj\u0119 projekt\u00f3w o r\u00f3\u017cnym stopniu z\u0142o\u017cono\u015bci.<\/span><\/p><p><span style=\"font-weight: 400;\">\u00a0<\/span><\/p><p><span style=\"font-weight: 400;\">Du\u017cy nacisk k\u0142adziemy na jako\u015b\u0107 oraz optymalizacj\u0119 proces\u00f3w technologicznych. Ka\u017cde zlecenie poprzedzone jest analiz\u0105 technologiczn\u0105, kt\u00f3ra pozwala dobra\u0107 odpowiednie parametry produkcji oraz zapewni\u0107 maksymaln\u0105 precyzj\u0119 wykonania. Dzi\u0119ki temu <\/span><b>us\u0142ugi obr\u00f3bki CNC<\/b><span style=\"font-weight: 400;\"> realizowane przez <\/span><b>Zak\u0142ad Metalowy Kr\u0119pa<\/b><span style=\"font-weight: 400;\"> spe\u0142niaj\u0105 wysokie wymagania techniczne stawiane przez wsp\u00f3\u0142czesny przemys\u0142.<\/span><\/p><p><span style=\"font-weight: 400;\">\u00a0<\/span><\/p><p><span style=\"font-weight: 400;\">Je\u017celi poszukuj\u0105 Pa\u0144stwo wykonawcy oferuj\u0105cego <\/span><b>profesjonaln\u0105 obr\u00f3bk\u0119 CNC na Podkarpaciu<\/b><span style=\"font-weight: 400;\">, zapraszamy do wsp\u00f3\u0142pracy. Zapewniamy nowoczesne zaplecze technologiczne, do\u015bwiadczenie w obr\u00f3bce metali oraz rzeteln\u0105 realizacj\u0119 projekt\u00f3w produkcyjnych.<\/span><\/p>\t\t\t\t\t\t\t\t<\/div>\n\t\t\t\t<\/div>\n\t\t\t\t\t<\/div>\n\t\t<\/div>\n\t\t\t\t\t<\/div>\n\t\t<\/section>\n\t\t\t\t<\/div>\n\t\t","protected":false},"excerpt":{"rendered":"<p>Obr\u00f3bka CNC Strona g\u0142\u00f3wna Oferta Obr\u00f3bka CNC Obr\u00f3bka CNC Podkarpacie Dynamiczny rozw\u00f3j przemys\u0142u sprawia, \u017ce coraz wi\u0119ksze znaczenie zyskuj\u0105 technologie pozwalaj\u0105ce na precyzyjne i powtarzalne wytwarzanie komponent\u00f3w metalowych. Jedn\u0105 z nich jest obr\u00f3bka CNC, czyli proces obr\u00f3bki realizowany przy u\u017cyciu maszyn sterowanych komputerowo. Zak\u0142ad Metalowy Kr\u0119pa oferuje profesjonalne us\u0142ugi w zakresie obr\u00f3bki CNC na Podkarpaciu, <a href=\"https:\/\/www.z-m.pl\/pl\/obrobka-cnc-podkarpacie\/\" class=\"more-link\">&#8230;<span class=\"screen-reader-text\">  Obr\u00f3bka CNC Podkarpacie<\/span><\/a><\/p>\n","protected":false},"author":1,"featured_media":0,"parent":0,"menu_order":0,"comment_status":"closed","ping_status":"closed","template":"elementor_header_footer","meta":{"footnotes":""},"class_list":["post-2060","page","type-page","status-publish","hentry"],"yoast_head":"<!-- This site is optimized with the Yoast SEO plugin v27.4 - https:\/\/yoast.com\/product\/yoast-seo-wordpress\/ -->\n<title>Obr\u00f3bka CNC Podkarpacie - Zak\u0142ad Metalowy Kr\u0119pa<\/title>\n<meta name=\"robots\" content=\"index, follow, max-snippet:-1, max-image-preview:large, max-video-preview:-1\" \/>\n<link rel=\"canonical\" href=\"https:\/\/www.z-m.pl\/pl\/obrobka-cnc-podkarpacie\/\" \/>\n<meta property=\"og:locale\" content=\"pl_PL\" \/>\n<meta property=\"og:type\" content=\"article\" \/>\n<meta property=\"og:title\" content=\"Obr\u00f3bka CNC Podkarpacie - Zak\u0142ad Metalowy Kr\u0119pa\" \/>\n<meta property=\"og:description\" content=\"Obr\u00f3bka CNC Strona g\u0142\u00f3wna Oferta Obr\u00f3bka CNC Obr\u00f3bka CNC Podkarpacie Dynamiczny rozw\u00f3j przemys\u0142u sprawia, \u017ce coraz wi\u0119ksze znaczenie zyskuj\u0105 technologie pozwalaj\u0105ce na precyzyjne i powtarzalne wytwarzanie komponent\u00f3w metalowych. Jedn\u0105 z nich jest obr\u00f3bka CNC, czyli proces obr\u00f3bki realizowany przy u\u017cyciu maszyn sterowanych komputerowo. Zak\u0142ad Metalowy Kr\u0119pa oferuje profesjonalne us\u0142ugi w zakresie obr\u00f3bki CNC na Podkarpaciu, ... Obr\u00f3bka CNC Podkarpacie\" \/>\n<meta property=\"og:url\" content=\"https:\/\/www.z-m.pl\/pl\/obrobka-cnc-podkarpacie\/\" \/>\n<meta property=\"og:site_name\" content=\"Zak\u0142ad Metalowy Kr\u0119pa\" \/>\n<meta property=\"article:modified_time\" content=\"2026-05-12T20:19:35+00:00\" \/>\n<meta property=\"og:image\" content=\"https:\/\/www.z-m.pl\/pl\/wp-content\/uploads\/sites\/2\/2022\/03\/4fd38dc7-object-20-a.png\" \/>\n\t<meta property=\"og:image:width\" content=\"39\" \/>\n\t<meta property=\"og:image:height\" content=\"39\" \/>\n\t<meta property=\"og:image:type\" content=\"image\/png\" \/>\n<meta name=\"twitter:card\" content=\"summary_large_image\" \/>\n<meta name=\"twitter:label1\" content=\"Szacowany czas czytania\" \/>\n\t<meta name=\"twitter:data1\" content=\"2 minuty\" \/>\n<script type=\"application\/ld+json\" class=\"yoast-schema-graph\">{\"@context\":\"https:\\\/\\\/schema.org\",\"@graph\":[{\"@type\":\"WebPage\",\"@id\":\"https:\\\/\\\/www.z-m.pl\\\/pl\\\/obrobka-cnc-podkarpacie\\\/\",\"url\":\"https:\\\/\\\/www.z-m.pl\\\/pl\\\/obrobka-cnc-podkarpacie\\\/\",\"name\":\"Obr\u00f3bka CNC Podkarpacie - Zak\u0142ad Metalowy Kr\u0119pa\",\"isPartOf\":{\"@id\":\"https:\\\/\\\/www.z-m.pl\\\/pl\\\/#website\"},\"primaryImageOfPage\":{\"@id\":\"https:\\\/\\\/www.z-m.pl\\\/pl\\\/obrobka-cnc-podkarpacie\\\/#primaryimage\"},\"image\":{\"@id\":\"https:\\\/\\\/www.z-m.pl\\\/pl\\\/obrobka-cnc-podkarpacie\\\/#primaryimage\"},\"thumbnailUrl\":\"https:\\\/\\\/www.z-m.pl\\\/pl\\\/wp-content\\\/uploads\\\/sites\\\/2\\\/2022\\\/03\\\/4fd38dc7-object-20-a.png\",\"datePublished\":\"2026-05-12T20:11:42+00:00\",\"dateModified\":\"2026-05-12T20:19:35+00:00\",\"breadcrumb\":{\"@id\":\"https:\\\/\\\/www.z-m.pl\\\/pl\\\/obrobka-cnc-podkarpacie\\\/#breadcrumb\"},\"inLanguage\":\"pl-PL\",\"potentialAction\":[{\"@type\":\"ReadAction\",\"target\":[\"https:\\\/\\\/www.z-m.pl\\\/pl\\\/obrobka-cnc-podkarpacie\\\/\"]}]},{\"@type\":\"ImageObject\",\"inLanguage\":\"pl-PL\",\"@id\":\"https:\\\/\\\/www.z-m.pl\\\/pl\\\/obrobka-cnc-podkarpacie\\\/#primaryimage\",\"url\":\"https:\\\/\\\/www.z-m.pl\\\/pl\\\/wp-content\\\/uploads\\\/sites\\\/2\\\/2022\\\/03\\\/4fd38dc7-object-20-a.png\",\"contentUrl\":\"https:\\\/\\\/www.z-m.pl\\\/pl\\\/wp-content\\\/uploads\\\/sites\\\/2\\\/2022\\\/03\\\/4fd38dc7-object-20-a.png\",\"width\":39,\"height\":39},{\"@type\":\"BreadcrumbList\",\"@id\":\"https:\\\/\\\/www.z-m.pl\\\/pl\\\/obrobka-cnc-podkarpacie\\\/#breadcrumb\",\"itemListElement\":[{\"@type\":\"ListItem\",\"position\":1,\"name\":\"Strona g\u0142\u00f3wna\",\"item\":\"https:\\\/\\\/www.z-m.pl\\\/pl\\\/\"},{\"@type\":\"ListItem\",\"position\":2,\"name\":\"Obr\u00f3bka CNC Podkarpacie\"}]},{\"@type\":\"WebSite\",\"@id\":\"https:\\\/\\\/www.z-m.pl\\\/pl\\\/#website\",\"url\":\"https:\\\/\\\/www.z-m.pl\\\/pl\\\/\",\"name\":\"Zak\u0142ad Metalowy Kr\u0119pa\",\"description\":\"Obr\u00f3bka CNC | Produkcja narz\u0119dzi\",\"publisher\":{\"@id\":\"https:\\\/\\\/www.z-m.pl\\\/pl\\\/#organization\"},\"potentialAction\":[{\"@type\":\"SearchAction\",\"target\":{\"@type\":\"EntryPoint\",\"urlTemplate\":\"https:\\\/\\\/www.z-m.pl\\\/pl\\\/?s={search_term_string}\"},\"query-input\":{\"@type\":\"PropertyValueSpecification\",\"valueRequired\":true,\"valueName\":\"search_term_string\"}}],\"inLanguage\":\"pl-PL\"},{\"@type\":\"Organization\",\"@id\":\"https:\\\/\\\/www.z-m.pl\\\/pl\\\/#organization\",\"name\":\"Z-M Zak\u0142ad Metalowy Kr\u0119pa\",\"url\":\"https:\\\/\\\/www.z-m.pl\\\/pl\\\/\",\"logo\":{\"@type\":\"ImageObject\",\"inLanguage\":\"pl-PL\",\"@id\":\"https:\\\/\\\/www.z-m.pl\\\/pl\\\/#\\\/schema\\\/logo\\\/image\\\/\",\"url\":\"https:\\\/\\\/z-m.pl\\\/pl\\\/wp-content\\\/uploads\\\/sites\\\/2\\\/2022\\\/03\\\/zaklad-metalowy-krepa-logo.png\",\"contentUrl\":\"https:\\\/\\\/z-m.pl\\\/pl\\\/wp-content\\\/uploads\\\/sites\\\/2\\\/2022\\\/03\\\/zaklad-metalowy-krepa-logo.png\",\"width\":278,\"height\":280,\"caption\":\"Z-M Zak\u0142ad Metalowy Kr\u0119pa\"},\"image\":{\"@id\":\"https:\\\/\\\/www.z-m.pl\\\/pl\\\/#\\\/schema\\\/logo\\\/image\\\/\"}}]}<\/script>\n<!-- \/ Yoast SEO plugin. -->","yoast_head_json":{"title":"Obr\u00f3bka CNC Podkarpacie - Zak\u0142ad Metalowy Kr\u0119pa","robots":{"index":"index","follow":"follow","max-snippet":"max-snippet:-1","max-image-preview":"max-image-preview:large","max-video-preview":"max-video-preview:-1"},"canonical":"https:\/\/www.z-m.pl\/pl\/obrobka-cnc-podkarpacie\/","og_locale":"pl_PL","og_type":"article","og_title":"Obr\u00f3bka CNC Podkarpacie - Zak\u0142ad Metalowy Kr\u0119pa","og_description":"Obr\u00f3bka CNC Strona g\u0142\u00f3wna Oferta Obr\u00f3bka CNC Obr\u00f3bka CNC Podkarpacie Dynamiczny rozw\u00f3j przemys\u0142u sprawia, \u017ce coraz wi\u0119ksze znaczenie zyskuj\u0105 technologie pozwalaj\u0105ce na precyzyjne i powtarzalne wytwarzanie komponent\u00f3w metalowych. Jedn\u0105 z nich jest obr\u00f3bka CNC, czyli proces obr\u00f3bki realizowany przy u\u017cyciu maszyn sterowanych komputerowo. Zak\u0142ad Metalowy Kr\u0119pa oferuje profesjonalne us\u0142ugi w zakresie obr\u00f3bki CNC na Podkarpaciu, ... Obr\u00f3bka CNC Podkarpacie","og_url":"https:\/\/www.z-m.pl\/pl\/obrobka-cnc-podkarpacie\/","og_site_name":"Zak\u0142ad Metalowy Kr\u0119pa","article_modified_time":"2026-05-12T20:19:35+00:00","og_image":[{"width":39,"height":39,"url":"https:\/\/www.z-m.pl\/pl\/wp-content\/uploads\/sites\/2\/2022\/03\/4fd38dc7-object-20-a.png","type":"image\/png"}],"twitter_card":"summary_large_image","twitter_misc":{"Szacowany czas czytania":"2 minuty"},"schema":{"@context":"https:\/\/schema.org","@graph":[{"@type":"WebPage","@id":"https:\/\/www.z-m.pl\/pl\/obrobka-cnc-podkarpacie\/","url":"https:\/\/www.z-m.pl\/pl\/obrobka-cnc-podkarpacie\/","name":"Obr\u00f3bka CNC Podkarpacie - Zak\u0142ad Metalowy Kr\u0119pa","isPartOf":{"@id":"https:\/\/www.z-m.pl\/pl\/#website"},"primaryImageOfPage":{"@id":"https:\/\/www.z-m.pl\/pl\/obrobka-cnc-podkarpacie\/#primaryimage"},"image":{"@id":"https:\/\/www.z-m.pl\/pl\/obrobka-cnc-podkarpacie\/#primaryimage"},"thumbnailUrl":"https:\/\/www.z-m.pl\/pl\/wp-content\/uploads\/sites\/2\/2022\/03\/4fd38dc7-object-20-a.png","datePublished":"2026-05-12T20:11:42+00:00","dateModified":"2026-05-12T20:19:35+00:00","breadcrumb":{"@id":"https:\/\/www.z-m.pl\/pl\/obrobka-cnc-podkarpacie\/#breadcrumb"},"inLanguage":"pl-PL","potentialAction":[{"@type":"ReadAction","target":["https:\/\/www.z-m.pl\/pl\/obrobka-cnc-podkarpacie\/"]}]},{"@type":"ImageObject","inLanguage":"pl-PL","@id":"https:\/\/www.z-m.pl\/pl\/obrobka-cnc-podkarpacie\/#primaryimage","url":"https:\/\/www.z-m.pl\/pl\/wp-content\/uploads\/sites\/2\/2022\/03\/4fd38dc7-object-20-a.png","contentUrl":"https:\/\/www.z-m.pl\/pl\/wp-content\/uploads\/sites\/2\/2022\/03\/4fd38dc7-object-20-a.png","width":39,"height":39},{"@type":"BreadcrumbList","@id":"https:\/\/www.z-m.pl\/pl\/obrobka-cnc-podkarpacie\/#breadcrumb","itemListElement":[{"@type":"ListItem","position":1,"name":"Strona g\u0142\u00f3wna","item":"https:\/\/www.z-m.pl\/pl\/"},{"@type":"ListItem","position":2,"name":"Obr\u00f3bka CNC Podkarpacie"}]},{"@type":"WebSite","@id":"https:\/\/www.z-m.pl\/pl\/#website","url":"https:\/\/www.z-m.pl\/pl\/","name":"Zak\u0142ad Metalowy Kr\u0119pa","description":"Obr\u00f3bka CNC | Produkcja narz\u0119dzi","publisher":{"@id":"https:\/\/www.z-m.pl\/pl\/#organization"},"potentialAction":[{"@type":"SearchAction","target":{"@type":"EntryPoint","urlTemplate":"https:\/\/www.z-m.pl\/pl\/?s={search_term_string}"},"query-input":{"@type":"PropertyValueSpecification","valueRequired":true,"valueName":"search_term_string"}}],"inLanguage":"pl-PL"},{"@type":"Organization","@id":"https:\/\/www.z-m.pl\/pl\/#organization","name":"Z-M Zak\u0142ad Metalowy Kr\u0119pa","url":"https:\/\/www.z-m.pl\/pl\/","logo":{"@type":"ImageObject","inLanguage":"pl-PL","@id":"https:\/\/www.z-m.pl\/pl\/#\/schema\/logo\/image\/","url":"https:\/\/z-m.pl\/pl\/wp-content\/uploads\/sites\/2\/2022\/03\/zaklad-metalowy-krepa-logo.png","contentUrl":"https:\/\/z-m.pl\/pl\/wp-content\/uploads\/sites\/2\/2022\/03\/zaklad-metalowy-krepa-logo.png","width":278,"height":280,"caption":"Z-M Zak\u0142ad Metalowy Kr\u0119pa"},"image":{"@id":"https:\/\/www.z-m.pl\/pl\/#\/schema\/logo\/image\/"}}]}},"_links":{"self":[{"href":"https:\/\/www.z-m.pl\/pl\/wp-json\/wp\/v2\/pages\/2060","targetHints":{"allow":["GET"]}}],"collection":[{"href":"https:\/\/www.z-m.pl\/pl\/wp-json\/wp\/v2\/pages"}],"about":[{"href":"https:\/\/www.z-m.pl\/pl\/wp-json\/wp\/v2\/types\/page"}],"author":[{"embeddable":true,"href":"https:\/\/www.z-m.pl\/pl\/wp-json\/wp\/v2\/users\/1"}],"replies":[{"embeddable":true,"href":"https:\/\/www.z-m.pl\/pl\/wp-json\/wp\/v2\/comments?post=2060"}],"version-history":[{"count":22,"href":"https:\/\/www.z-m.pl\/pl\/wp-json\/wp\/v2\/pages\/2060\/revisions"}],"predecessor-version":[{"id":2088,"href":"https:\/\/www.z-m.pl\/pl\/wp-json\/wp\/v2\/pages\/2060\/revisions\/2088"}],"wp:attachment":[{"href":"https:\/\/www.z-m.pl\/pl\/wp-json\/wp\/v2\/media?parent=2060"}],"curies":[{"name":"wp","href":"https:\/\/api.w.org\/{rel}","templated":true}]}}